{"id":7072,"date":"2026-02-19T20:42:12","date_gmt":"2026-02-19T19:42:12","guid":{"rendered":"https:\/\/courscircuits.fr\/?post_type=product&#038;p=7072"},"modified":"2026-03-24T07:58:12","modified_gmt":"2026-03-24T06:58:12","slug":"brioche-nature-500-gr-aromatisee-fleur-doranger","status":"publish","type":"product","link":"https:\/\/courscircuits.fr\/index.php\/produit\/brioche-nature-500-gr-aromatisee-fleur-doranger\/","title":{"rendered":"BRIOCHE Nature 500 gr (aromatis\u00e9e Fleur d&rsquo;Oranger)"},"content":{"rendered":"<p>La liste des ingr\u00e9dients de base : \u0153ufs de la ferme des filles ou de laCampagne \u00e0 aillas, farine du domaine de Glairoux, beurre, sucre blanc de cours circuit.<\/p>\n","protected":false},"excerpt":{"rendered":"<p>BRIOCHE Nature 500 gr (aromatis\u00e9e Fleur d&rsquo;Oranger)<\/p>\n","protected":false},"featured_media":0,"template":"","meta":[],"product_brand":[],"product_cat":[125],"product_tag":[65],"class_list":{"0":"post-7072","1":"product","2":"type-product","3":"status-publish","5":"product_cat-cest-pas-du-gateau","6":"product_tag-dessert","8":"first","9":"outofstock","10":"shipping-taxable","11":"product-type-simple"},"jetpack_sharing_enabled":true,"_links":{"self":[{"href":"https:\/\/courscircuits.fr\/index.php\/wp-json\/wp\/v2\/product\/7072","targetHints":{"allow":["GET"]}}],"collection":[{"href":"https:\/\/courscircuits.fr\/index.php\/wp-json\/wp\/v2\/product"}],"about":[{"href":"https:\/\/courscircuits.fr\/index.php\/wp-json\/wp\/v2\/types\/product"}],"wp:attachment":[{"href":"https:\/\/courscircuits.fr\/index.php\/wp-json\/wp\/v2\/media?parent=7072"}],"wp:term":[{"taxonomy":"product_brand","embeddable":true,"href":"https:\/\/courscircuits.fr\/index.php\/wp-json\/wp\/v2\/product_brand?post=7072"},{"taxonomy":"product_cat","embeddable":true,"href":"https:\/\/courscircuits.fr\/index.php\/wp-json\/wp\/v2\/product_cat?post=7072"},{"taxonomy":"product_tag","embeddable":true,"href":"https:\/\/courscircuits.fr\/index.php\/wp-json\/wp\/v2\/product_tag?post=7072"}],"curies":[{"name":"wp","href":"https:\/\/api.w.org\/{rel}","templated":true}]}}