{"id":6823,"date":"2025-12-11T14:21:05","date_gmt":"2025-12-11T13:21:05","guid":{"rendered":"https:\/\/courscircuits.fr\/?post_type=product&#038;p=6823"},"modified":"2026-01-20T08:33:48","modified_gmt":"2026-01-20T07:33:48","slug":"sorbet-feijoa-ab-moustous-pot-de-480ml","status":"publish","type":"product","link":"https:\/\/courscircuits.fr\/index.php\/produit\/sorbet-feijoa-ab-moustous-pot-de-480ml\/","title":{"rendered":"Sorbet Feijoa AB Moustous &#8211; Pot de 480ml"},"content":{"rendered":"<p>Sorbet aux fruits et plantes de la Ferme<\/p>\n<p>En pot de 480ml (environ 8 boules)<\/p>\n<p>Ingr\u00e9dients: *feijoa, eau, *sucre, *fibres v\u00e9g\u00e9tales (caroube)<\/p>\n<p>*Ingr\u00e9dients issus de l&rsquo;Agriculture Biologique<\/p>\n","protected":false},"excerpt":{"rendered":"<p>Sorbet aux fruits et plantes de la Ferme En pot de 480ml (environ 8 boules) Ingr\u00e9dients: *feijoa, eau, *sucre, *fibres v\u00e9g\u00e9tales (caroube) *Ingr\u00e9dients issus de l&rsquo;Agriculture Biologique<\/p>\n","protected":false},"featured_media":0,"template":"","meta":[],"product_brand":[],"product_cat":[32],"product_tag":[150],"class_list":{"0":"post-6823","1":"product","2":"type-product","3":"status-publish","5":"product_cat-brasserie-moustous","6":"product_tag-sorbet","8":"first","9":"outofstock","10":"shipping-taxable","11":"product-type-simple"},"jetpack_sharing_enabled":true,"_links":{"self":[{"href":"https:\/\/courscircuits.fr\/index.php\/wp-json\/wp\/v2\/product\/6823","targetHints":{"allow":["GET"]}}],"collection":[{"href":"https:\/\/courscircuits.fr\/index.php\/wp-json\/wp\/v2\/product"}],"about":[{"href":"https:\/\/courscircuits.fr\/index.php\/wp-json\/wp\/v2\/types\/product"}],"wp:attachment":[{"href":"https:\/\/courscircuits.fr\/index.php\/wp-json\/wp\/v2\/media?parent=6823"}],"wp:term":[{"taxonomy":"product_brand","embeddable":true,"href":"https:\/\/courscircuits.fr\/index.php\/wp-json\/wp\/v2\/product_brand?post=6823"},{"taxonomy":"product_cat","embeddable":true,"href":"https:\/\/courscircuits.fr\/index.php\/wp-json\/wp\/v2\/product_cat?post=6823"},{"taxonomy":"product_tag","embeddable":true,"href":"https:\/\/courscircuits.fr\/index.php\/wp-json\/wp\/v2\/product_tag?post=6823"}],"curies":[{"name":"wp","href":"https:\/\/api.w.org\/{rel}","templated":true}]}}