{"id":5475,"date":"2025-09-09T08:56:43","date_gmt":"2025-09-09T06:56:43","guid":{"rendered":"https:\/\/courscircuits.fr\/?post_type=product&#038;p=5475"},"modified":"2025-11-12T18:53:19","modified_gmt":"2025-11-12T17:53:19","slug":"coffret-box-bien-etre-2","status":"publish","type":"product","link":"https:\/\/courscircuits.fr\/index.php\/produit\/coffret-box-bien-etre-2\/","title":{"rendered":"Coffret box bien-\u00eatre"},"content":{"rendered":"<p>Composition du coffret:<\/p>\n<p>-Un savon liquide parfum\u00e9 \u00e0 la verveine exotique 500 ml (pour le corps)<\/p>\n<p>-Un savon solide sweetsunset 100g parfum\u00e9 \u00e0 l\u2019orange douce et au petitgrain bigaradier.<\/p>\n<p>-Une luffa (\u00e9ponge v\u00e9g\u00e9tale) pour vos gommages corporels.<\/p>\n<p>\u2013 Une pochette Nomade pour emmener votre savon partout avec vous !<\/p>\n","protected":false},"excerpt":{"rendered":"<p>Composition du coffret: -Un savon liquide parfum\u00e9 \u00e0 la verveine exotique 500 ml (pour le corps) -Un savon solide sweetsunset 100g parfum\u00e9 \u00e0 l\u2019orange douce et au petitgrain bigaradier. -Une luffa (\u00e9ponge v\u00e9g\u00e9tale) pour vos gommages corporels. \u2013 Une pochette Nomade pour emmener votre savon partout avec vous !<\/p>\n","protected":false},"featured_media":0,"template":"","meta":[],"product_brand":[],"product_cat":[123],"product_tag":[],"class_list":{"0":"post-5475","1":"product","2":"type-product","3":"status-publish","5":"product_cat-savons-garobulles","7":"first","8":"instock","9":"sold-individually","10":"shipping-taxable","11":"product-type-simple"},"jetpack_sharing_enabled":true,"_links":{"self":[{"href":"https:\/\/courscircuits.fr\/index.php\/wp-json\/wp\/v2\/product\/5475","targetHints":{"allow":["GET"]}}],"collection":[{"href":"https:\/\/courscircuits.fr\/index.php\/wp-json\/wp\/v2\/product"}],"about":[{"href":"https:\/\/courscircuits.fr\/index.php\/wp-json\/wp\/v2\/types\/product"}],"wp:attachment":[{"href":"https:\/\/courscircuits.fr\/index.php\/wp-json\/wp\/v2\/media?parent=5475"}],"wp:term":[{"taxonomy":"product_brand","embeddable":true,"href":"https:\/\/courscircuits.fr\/index.php\/wp-json\/wp\/v2\/product_brand?post=5475"},{"taxonomy":"product_cat","embeddable":true,"href":"https:\/\/courscircuits.fr\/index.php\/wp-json\/wp\/v2\/product_cat?post=5475"},{"taxonomy":"product_tag","embeddable":true,"href":"https:\/\/courscircuits.fr\/index.php\/wp-json\/wp\/v2\/product_tag?post=5475"}],"curies":[{"name":"wp","href":"https:\/\/api.w.org\/{rel}","templated":true}]}}