{"id":5474,"date":"2025-09-09T08:56:42","date_gmt":"2025-09-09T06:56:42","guid":{"rendered":"https:\/\/courscircuits.fr\/?post_type=product&#038;p=5474"},"modified":"2025-11-12T18:53:36","modified_gmt":"2025-11-12T17:53:36","slug":"coffret-zen-2","status":"publish","type":"product","link":"https:\/\/courscircuits.fr\/index.php\/produit\/coffret-zen-2\/","title":{"rendered":"Coffret Zen"},"content":{"rendered":"<p>Coffret compos\u00e9 de :<\/p>\n<p>-4 savons solides de 50g: un Solena ( parfum\u00e9 aux fleurs de lavande et feuilles de menthe) , un Garobulles ( parfum\u00e9 \u00e0 l\u2019Eucalyptus et aux 2 Argiles) , un D\u00e9lice de siam ( parfum\u00e9 \u00e0 l\u2019Orange douce, Curcuma et C\u00e8dre), un Sweetsunset ( parfum\u00e9 \u00e0 l\u2019Orange douce et Petitgrain Bigaradier) ou Le Temps d\u2019un Regard (parfum\u00e9 \u00e0 la Verveine Exotique, Patchouli et Argile verte) (suivant leurs disponibilit\u00e9s)<\/p>\n<p>-1 shampoing solide cheveux normaux Garo\u2019Tif N\u00b05.<\/p>\n<p>-1 luffa ( \u00e9ponge v\u00e9g\u00e9tale) pour vos gommages corporels.<\/p>\n","protected":false},"excerpt":{"rendered":"<p>Coffret compos\u00e9 de : -4 savons solides de 50g: un Solena ( parfum\u00e9 aux fleurs de lavande et feuilles de menthe) , un Garobulles ( parfum\u00e9 \u00e0 l\u2019Eucalyptus et aux 2 Argiles) , un D\u00e9lice de siam ( parfum\u00e9 \u00e0 l\u2019Orange douce, Curcuma et C\u00e8dre), un Sweetsunset ( parfum\u00e9 \u00e0 l\u2019Orange douce et Petitgrain Bigaradier) [&hellip;]<\/p>\n","protected":false},"featured_media":0,"template":"","meta":[],"product_brand":[],"product_cat":[123],"product_tag":[],"class_list":{"0":"post-5474","1":"product","2":"type-product","3":"status-publish","5":"product_cat-savons-garobulles","7":"first","8":"instock","9":"sold-individually","10":"shipping-taxable","11":"product-type-simple"},"jetpack_sharing_enabled":true,"_links":{"self":[{"href":"https:\/\/courscircuits.fr\/index.php\/wp-json\/wp\/v2\/product\/5474","targetHints":{"allow":["GET"]}}],"collection":[{"href":"https:\/\/courscircuits.fr\/index.php\/wp-json\/wp\/v2\/product"}],"about":[{"href":"https:\/\/courscircuits.fr\/index.php\/wp-json\/wp\/v2\/types\/product"}],"wp:attachment":[{"href":"https:\/\/courscircuits.fr\/index.php\/wp-json\/wp\/v2\/media?parent=5474"}],"wp:term":[{"taxonomy":"product_brand","embeddable":true,"href":"https:\/\/courscircuits.fr\/index.php\/wp-json\/wp\/v2\/product_brand?post=5474"},{"taxonomy":"product_cat","embeddable":true,"href":"https:\/\/courscircuits.fr\/index.php\/wp-json\/wp\/v2\/product_cat?post=5474"},{"taxonomy":"product_tag","embeddable":true,"href":"https:\/\/courscircuits.fr\/index.php\/wp-json\/wp\/v2\/product_tag?post=5474"}],"curies":[{"name":"wp","href":"https:\/\/api.w.org\/{rel}","templated":true}]}}