{"id":5473,"date":"2025-09-09T08:56:42","date_gmt":"2025-09-09T06:56:42","guid":{"rendered":"https:\/\/courscircuits.fr\/?post_type=product&#038;p=5473"},"modified":"2025-12-14T13:04:14","modified_gmt":"2025-12-14T12:04:14","slug":"coffret-baume-et-ses-savons-2","status":"publish","type":"product","link":"https:\/\/courscircuits.fr\/index.php\/produit\/coffret-baume-et-ses-savons-2\/","title":{"rendered":"Coffret Baume et ses Savons"},"content":{"rendered":"<p>Coffret compos\u00e9 d\u2019un baume r\u00e9parateur 30ml au mac\u00e9rat de calendula et mono\u00ef et 2 savons sweetsunset et d\u00e9lice de siam de 50g.<\/p>\n","protected":false},"excerpt":{"rendered":"<p>Coffret compos\u00e9 d\u2019un baume r\u00e9parateur 30ml au mac\u00e9rat de calendula et mono\u00ef et 2 savons sweetsunset et d\u00e9lice de siam de 50g.<\/p>\n","protected":false},"featured_media":0,"template":"","meta":[],"product_brand":[],"product_cat":[123],"product_tag":[],"class_list":{"0":"post-5473","1":"product","2":"type-product","3":"status-publish","5":"product_cat-savons-garobulles","7":"first","8":"instock","9":"sold-individually","10":"shipping-taxable","11":"product-type-simple"},"jetpack_sharing_enabled":true,"_links":{"self":[{"href":"https:\/\/courscircuits.fr\/index.php\/wp-json\/wp\/v2\/product\/5473","targetHints":{"allow":["GET"]}}],"collection":[{"href":"https:\/\/courscircuits.fr\/index.php\/wp-json\/wp\/v2\/product"}],"about":[{"href":"https:\/\/courscircuits.fr\/index.php\/wp-json\/wp\/v2\/types\/product"}],"wp:attachment":[{"href":"https:\/\/courscircuits.fr\/index.php\/wp-json\/wp\/v2\/media?parent=5473"}],"wp:term":[{"taxonomy":"product_brand","embeddable":true,"href":"https:\/\/courscircuits.fr\/index.php\/wp-json\/wp\/v2\/product_brand?post=5473"},{"taxonomy":"product_cat","embeddable":true,"href":"https:\/\/courscircuits.fr\/index.php\/wp-json\/wp\/v2\/product_cat?post=5473"},{"taxonomy":"product_tag","embeddable":true,"href":"https:\/\/courscircuits.fr\/index.php\/wp-json\/wp\/v2\/product_tag?post=5473"}],"curies":[{"name":"wp","href":"https:\/\/api.w.org\/{rel}","templated":true}]}}