{"id":5471,"date":"2025-09-09T08:56:42","date_gmt":"2025-09-09T06:56:42","guid":{"rendered":"https:\/\/courscircuits.fr\/?post_type=product&#038;p=5471"},"modified":"2025-11-12T18:54:32","modified_gmt":"2025-11-12T17:54:32","slug":"coffret-gommage-2","status":"publish","type":"product","link":"https:\/\/courscircuits.fr\/index.php\/produit\/coffret-gommage-2\/","title":{"rendered":"Coffret Gommage"},"content":{"rendered":"<p>&lsquo;-3 savons de 50g dont un SweetSunset ( parfum\u00e9 \u00e0 l\u2019Orange Douce &amp; Petitgrain Bigaradier) , un Solena ( parfum\u00e9 aux fleurs de lavande et feuilles de menthe) ,et un Le temps d\u2019un regard ( parfum\u00e9 \u00e0 la Verveine Exotique, Patchouli et Argile verte ).<\/p>\n<p>-1 luffa ( \u00e9ponge v\u00e9g\u00e9tale pour vos gommages corporels)<\/p>\n","protected":false},"excerpt":{"rendered":"<p>&lsquo;-3 savons de 50g dont un SweetSunset ( parfum\u00e9 \u00e0 l\u2019Orange Douce &amp; Petitgrain Bigaradier) , un Solena ( parfum\u00e9 aux fleurs de lavande et feuilles de menthe) ,et un Le temps d\u2019un regard ( parfum\u00e9 \u00e0 la Verveine Exotique, Patchouli et Argile verte ). -1 luffa ( \u00e9ponge v\u00e9g\u00e9tale pour vos gommages corporels)<\/p>\n","protected":false},"featured_media":0,"template":"","meta":[],"product_brand":[],"product_cat":[123],"product_tag":[],"class_list":{"0":"post-5471","1":"product","2":"type-product","3":"status-publish","5":"product_cat-savons-garobulles","7":"first","8":"instock","9":"sold-individually","10":"shipping-taxable","11":"product-type-simple"},"jetpack_sharing_enabled":true,"_links":{"self":[{"href":"https:\/\/courscircuits.fr\/index.php\/wp-json\/wp\/v2\/product\/5471","targetHints":{"allow":["GET"]}}],"collection":[{"href":"https:\/\/courscircuits.fr\/index.php\/wp-json\/wp\/v2\/product"}],"about":[{"href":"https:\/\/courscircuits.fr\/index.php\/wp-json\/wp\/v2\/types\/product"}],"wp:attachment":[{"href":"https:\/\/courscircuits.fr\/index.php\/wp-json\/wp\/v2\/media?parent=5471"}],"wp:term":[{"taxonomy":"product_brand","embeddable":true,"href":"https:\/\/courscircuits.fr\/index.php\/wp-json\/wp\/v2\/product_brand?post=5471"},{"taxonomy":"product_cat","embeddable":true,"href":"https:\/\/courscircuits.fr\/index.php\/wp-json\/wp\/v2\/product_cat?post=5471"},{"taxonomy":"product_tag","embeddable":true,"href":"https:\/\/courscircuits.fr\/index.php\/wp-json\/wp\/v2\/product_tag?post=5471"}],"curies":[{"name":"wp","href":"https:\/\/api.w.org\/{rel}","templated":true}]}}