{"id":5470,"date":"2025-09-09T08:56:42","date_gmt":"2025-09-09T06:56:42","guid":{"rendered":"https:\/\/courscircuits.fr\/?post_type=product&#038;p=5470"},"modified":"2025-12-13T21:01:32","modified_gmt":"2025-12-13T20:01:32","slug":"coffret-pochette-nomade-et-son-savon-2","status":"publish","type":"product","link":"https:\/\/courscircuits.fr\/index.php\/produit\/coffret-pochette-nomade-et-son-savon-2\/","title":{"rendered":"Coffret Pochette nomade et son Savon"},"content":{"rendered":"<p>Ce coffret est compos\u00e9 de :<\/p>\n<p>une pochette en coton enduit<\/p>\n<p>un savon Sweetsunset de 100g parfum\u00e9 \u00e0 l\u2019orange douce et petitgrain bigaradier<\/p>\n","protected":false},"excerpt":{"rendered":"<p>Ce coffret est compos\u00e9 de : une pochette en coton enduit un savon Sweetsunset de 100g parfum\u00e9 \u00e0 l\u2019orange douce et petitgrain bigaradier<\/p>\n","protected":false},"featured_media":0,"template":"","meta":[],"product_brand":[],"product_cat":[123],"product_tag":[],"class_list":{"0":"post-5470","1":"product","2":"type-product","3":"status-publish","5":"product_cat-savons-garobulles","7":"first","8":"instock","9":"sold-individually","10":"shipping-taxable","11":"product-type-simple"},"jetpack_sharing_enabled":true,"_links":{"self":[{"href":"https:\/\/courscircuits.fr\/index.php\/wp-json\/wp\/v2\/product\/5470","targetHints":{"allow":["GET"]}}],"collection":[{"href":"https:\/\/courscircuits.fr\/index.php\/wp-json\/wp\/v2\/product"}],"about":[{"href":"https:\/\/courscircuits.fr\/index.php\/wp-json\/wp\/v2\/types\/product"}],"wp:attachment":[{"href":"https:\/\/courscircuits.fr\/index.php\/wp-json\/wp\/v2\/media?parent=5470"}],"wp:term":[{"taxonomy":"product_brand","embeddable":true,"href":"https:\/\/courscircuits.fr\/index.php\/wp-json\/wp\/v2\/product_brand?post=5470"},{"taxonomy":"product_cat","embeddable":true,"href":"https:\/\/courscircuits.fr\/index.php\/wp-json\/wp\/v2\/product_cat?post=5470"},{"taxonomy":"product_tag","embeddable":true,"href":"https:\/\/courscircuits.fr\/index.php\/wp-json\/wp\/v2\/product_tag?post=5470"}],"curies":[{"name":"wp","href":"https:\/\/api.w.org\/{rel}","templated":true}]}}