{"id":5469,"date":"2025-09-09T08:56:41","date_gmt":"2025-09-09T06:56:41","guid":{"rendered":"https:\/\/courscircuits.fr\/?post_type=product&#038;p=5469"},"modified":"2026-03-16T12:07:59","modified_gmt":"2026-03-16T11:07:59","slug":"coffret-duo-de-savons-2","status":"publish","type":"product","link":"https:\/\/courscircuits.fr\/index.php\/produit\/coffret-duo-de-savons-2\/","title":{"rendered":"Coffret Duo de Savons"},"content":{"rendered":"<p>Coffret compos\u00e9 de 2 savons de 100g :<\/p>\n<p>Le savon D\u00e9lice de Siam:Savon surgras \u00e0 l\u2019huile d\u2019olive saponifi\u00e9 \u00e0 froid parfum\u00e9 au c\u00e8dre de l\u2019atlas et \u00e0 l\u2019orange douce et au curcuma.<\/p>\n<p>Savon Sweetsunset: Savon surgras \u00e0 l\u2019huile d\u2019olive saponifi\u00e9 \u00e0 froid parfum\u00e9 \u00e0 l\u2019orange douce et au petitgrain bigaradier.<\/p>\n","protected":false},"excerpt":{"rendered":"<p>Coffret compos\u00e9 de 2 savons de 100g : Le savon D\u00e9lice de Siam:Savon surgras \u00e0 l\u2019huile d\u2019olive saponifi\u00e9 \u00e0 froid parfum\u00e9 au c\u00e8dre de l\u2019atlas et \u00e0 l\u2019orange douce et au curcuma. Savon Sweetsunset: Savon surgras \u00e0 l\u2019huile d\u2019olive saponifi\u00e9 \u00e0 froid parfum\u00e9 \u00e0 l\u2019orange douce et au petitgrain bigaradier.<\/p>\n","protected":false},"featured_media":0,"template":"","meta":[],"product_brand":[],"product_cat":[123],"product_tag":[],"class_list":{"0":"post-5469","1":"product","2":"type-product","3":"status-publish","5":"product_cat-savons-garobulles","7":"first","8":"instock","9":"sold-individually","10":"shipping-taxable","11":"product-type-simple"},"jetpack_sharing_enabled":true,"_links":{"self":[{"href":"https:\/\/courscircuits.fr\/index.php\/wp-json\/wp\/v2\/product\/5469","targetHints":{"allow":["GET"]}}],"collection":[{"href":"https:\/\/courscircuits.fr\/index.php\/wp-json\/wp\/v2\/product"}],"about":[{"href":"https:\/\/courscircuits.fr\/index.php\/wp-json\/wp\/v2\/types\/product"}],"wp:attachment":[{"href":"https:\/\/courscircuits.fr\/index.php\/wp-json\/wp\/v2\/media?parent=5469"}],"wp:term":[{"taxonomy":"product_brand","embeddable":true,"href":"https:\/\/courscircuits.fr\/index.php\/wp-json\/wp\/v2\/product_brand?post=5469"},{"taxonomy":"product_cat","embeddable":true,"href":"https:\/\/courscircuits.fr\/index.php\/wp-json\/wp\/v2\/product_cat?post=5469"},{"taxonomy":"product_tag","embeddable":true,"href":"https:\/\/courscircuits.fr\/index.php\/wp-json\/wp\/v2\/product_tag?post=5469"}],"curies":[{"name":"wp","href":"https:\/\/api.w.org\/{rel}","templated":true}]}}