{"id":5295,"date":"2025-06-16T05:56:44","date_gmt":"2025-06-16T03:56:44","guid":{"rendered":"https:\/\/courscircuits.fr\/index.php\/produit\/500g-cookies-citrons-confits-amandes\/"},"modified":"2026-03-01T17:13:44","modified_gmt":"2026-03-01T16:13:44","slug":"500g-cookies-citrons-confits-amandes","status":"publish","type":"product","link":"https:\/\/courscircuits.fr\/index.php\/produit\/500g-cookies-citrons-confits-amandes\/","title":{"rendered":"500g Cookies citrons confits, amandes"},"content":{"rendered":"<p>La liste des ingr\u00e9dients de base : \u0153ufs de la ferme des filles ou de lacampagne \u00e0 aillas, farine du domaine de glairoux, beurre, sucre blanc de cours circuit.<\/p>\n","protected":false},"excerpt":{"rendered":"<p>La liste des ingr\u00e9dients de base : \u0153ufs de la ferme des filles ou de lacampagne \u00e0 aillas, farine du domaine de glairoux, beurre, sucre blanc de cours circuit.<\/p>\n","protected":false},"featured_media":0,"template":"","meta":[],"product_brand":[],"product_cat":[125],"product_tag":[65],"class_list":{"0":"post-5295","1":"product","2":"type-product","3":"status-publish","5":"product_cat-cest-pas-du-gateau","6":"product_tag-dessert","8":"first","9":"instock","10":"shipping-taxable","11":"product-type-simple"},"jetpack_sharing_enabled":true,"_links":{"self":[{"href":"https:\/\/courscircuits.fr\/index.php\/wp-json\/wp\/v2\/product\/5295","targetHints":{"allow":["GET"]}}],"collection":[{"href":"https:\/\/courscircuits.fr\/index.php\/wp-json\/wp\/v2\/product"}],"about":[{"href":"https:\/\/courscircuits.fr\/index.php\/wp-json\/wp\/v2\/types\/product"}],"wp:attachment":[{"href":"https:\/\/courscircuits.fr\/index.php\/wp-json\/wp\/v2\/media?parent=5295"}],"wp:term":[{"taxonomy":"product_brand","embeddable":true,"href":"https:\/\/courscircuits.fr\/index.php\/wp-json\/wp\/v2\/product_brand?post=5295"},{"taxonomy":"product_cat","embeddable":true,"href":"https:\/\/courscircuits.fr\/index.php\/wp-json\/wp\/v2\/product_cat?post=5295"},{"taxonomy":"product_tag","embeddable":true,"href":"https:\/\/courscircuits.fr\/index.php\/wp-json\/wp\/v2\/product_tag?post=5295"}],"curies":[{"name":"wp","href":"https:\/\/api.w.org\/{rel}","templated":true}]}}