{"id":510,"date":"2022-01-13T15:08:09","date_gmt":"2022-01-13T14:08:09","guid":{"rendered":"https:\/\/courscircuits.fr\/?post_type=product&#038;p=510"},"modified":"2025-04-19T09:57:09","modified_gmt":"2025-04-19T07:57:09","slug":"nogues-2008-bordeaux-superieur-fut-de-chene-75cl","status":"publish","type":"product","link":"https:\/\/courscircuits.fr\/index.php\/produit\/nogues-2008-bordeaux-superieur-fut-de-chene-75cl\/","title":{"rendered":"Nogu\u00e8s 2015 &#8211; Bordeaux sup\u00e9rieur, f\u00fbt de ch\u00eane &#8211; 75cL"},"content":{"rendered":"<p>Nogu\u00e8s 2008 &#8211; Bordeaux sup\u00e9rieur, f\u00fbt de ch\u00eane &#8211; 75cL<\/p>\n","protected":false},"excerpt":{"rendered":"<p>Nogu\u00e8s 2008 &#8211; Bordeaux sup\u00e9rieur, f\u00fbt de ch\u00eane &#8211; 75cL<\/p>\n","protected":false},"featured_media":0,"template":"","meta":[],"product_brand":[],"product_cat":[51],"product_tag":[47],"class_list":{"0":"post-510","1":"product","2":"type-product","3":"status-publish","5":"product_cat-chateau-nogues","6":"product_tag-vin","8":"first","9":"instock","10":"shipping-taxable","11":"product-type-simple"},"jetpack_sharing_enabled":true,"_links":{"self":[{"href":"https:\/\/courscircuits.fr\/index.php\/wp-json\/wp\/v2\/product\/510","targetHints":{"allow":["GET"]}}],"collection":[{"href":"https:\/\/courscircuits.fr\/index.php\/wp-json\/wp\/v2\/product"}],"about":[{"href":"https:\/\/courscircuits.fr\/index.php\/wp-json\/wp\/v2\/types\/product"}],"wp:attachment":[{"href":"https:\/\/courscircuits.fr\/index.php\/wp-json\/wp\/v2\/media?parent=510"}],"wp:term":[{"taxonomy":"product_brand","embeddable":true,"href":"https:\/\/courscircuits.fr\/index.php\/wp-json\/wp\/v2\/product_brand?post=510"},{"taxonomy":"product_cat","embeddable":true,"href":"https:\/\/courscircuits.fr\/index.php\/wp-json\/wp\/v2\/product_cat?post=510"},{"taxonomy":"product_tag","embeddable":true,"href":"https:\/\/courscircuits.fr\/index.php\/wp-json\/wp\/v2\/product_tag?post=510"}],"curies":[{"name":"wp","href":"https:\/\/api.w.org\/{rel}","templated":true}]}}