{"id":459,"date":"2022-01-13T15:07:24","date_gmt":"2022-01-13T14:07:24","guid":{"rendered":"https:\/\/courscircuits.fr\/?post_type=product&#038;p=459"},"modified":"2026-01-27T19:29:39","modified_gmt":"2026-01-27T18:29:39","slug":"pois-casses-3kg-1-piece","status":"publish","type":"product","link":"https:\/\/courscircuits.fr\/index.php\/produit\/pois-casses-3kg-1-piece\/","title":{"rendered":"Pois cass\u00e9s 3kg 1 pi\u00e8ce"},"content":{"rendered":"<p>Pois cass\u00e9s 3kg 1 pi\u00e8ce<\/p>\n","protected":false},"excerpt":{"rendered":"<p>Pois cass\u00e9s 3kg 1 pi\u00e8ce<\/p>\n","protected":false},"featured_media":0,"template":"","meta":[],"product_brand":[],"product_cat":[40],"product_tag":[102],"class_list":{"0":"post-459","1":"product","2":"type-product","3":"status-publish","5":"product_cat-ferme-de-chassagne","6":"product_tag-legume-sec","8":"first","9":"instock","10":"featured","11":"shipping-taxable","12":"product-type-simple"},"jetpack_sharing_enabled":true,"_links":{"self":[{"href":"https:\/\/courscircuits.fr\/index.php\/wp-json\/wp\/v2\/product\/459","targetHints":{"allow":["GET"]}}],"collection":[{"href":"https:\/\/courscircuits.fr\/index.php\/wp-json\/wp\/v2\/product"}],"about":[{"href":"https:\/\/courscircuits.fr\/index.php\/wp-json\/wp\/v2\/types\/product"}],"wp:attachment":[{"href":"https:\/\/courscircuits.fr\/index.php\/wp-json\/wp\/v2\/media?parent=459"}],"wp:term":[{"taxonomy":"product_brand","embeddable":true,"href":"https:\/\/courscircuits.fr\/index.php\/wp-json\/wp\/v2\/product_brand?post=459"},{"taxonomy":"product_cat","embeddable":true,"href":"https:\/\/courscircuits.fr\/index.php\/wp-json\/wp\/v2\/product_cat?post=459"},{"taxonomy":"product_tag","embeddable":true,"href":"https:\/\/courscircuits.fr\/index.php\/wp-json\/wp\/v2\/product_tag?post=459"}],"curies":[{"name":"wp","href":"https:\/\/api.w.org\/{rel}","templated":true}]}}