{"id":4265,"date":"2025-04-04T12:59:20","date_gmt":"2025-04-04T10:59:20","guid":{"rendered":"https:\/\/courscircuits.fr\/?post_type=product&#038;p=4265"},"modified":"2026-03-15T21:19:15","modified_gmt":"2026-03-15T20:19:15","slug":"brasserie-moustous-loco-loca-ab-75cl","status":"publish","type":"product","link":"https:\/\/courscircuits.fr\/index.php\/produit\/brasserie-moustous-loco-loca-ab-75cl\/","title":{"rendered":"Brasserie Moustous Loco Loca AB 75cl"},"content":{"rendered":"<p>Brasserie Moustous Loco Loca AB<br \/>\nBlonde type IPA<br \/>\nBi\u00e8re collaborative brass\u00e9e avec les brasseries de Pr\u00e9chac: La Gabourde, La Houn<\/p>\n<p>Participation \u00e0 la lutte anti-LGV. Chaque bouteille achet\u00e9e, c&rsquo;est 1\u20ac revers\u00e9 \u00e0 la lutte anti-LGV<\/p>\n","protected":false},"excerpt":{"rendered":"<p>Brasserie Moustous Loco Loca AB Blonde type IPA Bi\u00e8re collaborative brass\u00e9e avec les brasseries de Pr\u00e9chac: La Gabourde, La Houn Participation \u00e0 la lutte anti-LGV. Chaque bouteille achet\u00e9e, c&rsquo;est 1\u20ac revers\u00e9 \u00e0 la lutte anti-LGV<\/p>\n","protected":false},"featured_media":0,"template":"","meta":[],"product_brand":[],"product_cat":[32],"product_tag":[31],"class_list":{"0":"post-4265","1":"product","2":"type-product","3":"status-publish","5":"product_cat-brasserie-moustous","6":"product_tag-biere","8":"first","9":"instock","10":"shipping-taxable","11":"product-type-simple"},"jetpack_sharing_enabled":true,"_links":{"self":[{"href":"https:\/\/courscircuits.fr\/index.php\/wp-json\/wp\/v2\/product\/4265","targetHints":{"allow":["GET"]}}],"collection":[{"href":"https:\/\/courscircuits.fr\/index.php\/wp-json\/wp\/v2\/product"}],"about":[{"href":"https:\/\/courscircuits.fr\/index.php\/wp-json\/wp\/v2\/types\/product"}],"wp:attachment":[{"href":"https:\/\/courscircuits.fr\/index.php\/wp-json\/wp\/v2\/media?parent=4265"}],"wp:term":[{"taxonomy":"product_brand","embeddable":true,"href":"https:\/\/courscircuits.fr\/index.php\/wp-json\/wp\/v2\/product_brand?post=4265"},{"taxonomy":"product_cat","embeddable":true,"href":"https:\/\/courscircuits.fr\/index.php\/wp-json\/wp\/v2\/product_cat?post=4265"},{"taxonomy":"product_tag","embeddable":true,"href":"https:\/\/courscircuits.fr\/index.php\/wp-json\/wp\/v2\/product_tag?post=4265"}],"curies":[{"name":"wp","href":"https:\/\/api.w.org\/{rel}","templated":true}]}}