{"id":4230,"date":"2025-03-14T13:02:09","date_gmt":"2025-03-14T12:02:09","guid":{"rendered":"https:\/\/courscircuits.fr\/?post_type=product&#038;p=4230"},"modified":"2026-02-18T21:47:29","modified_gmt":"2026-02-18T20:47:29","slug":"le-pis-doux-le-beau-meuh-a-levres-a-base-de-cbd-15ml","status":"publish","type":"product","link":"https:\/\/courscircuits.fr\/index.php\/produit\/le-pis-doux-le-beau-meuh-a-levres-a-base-de-cbd-15ml\/","title":{"rendered":"Le pis Doux, le beau-meuh \u00e0 l\u00e8vres \u00e0 base de CBD, 15mL"},"content":{"rendered":"<p>Ingr\u00e9dients : huile de coco, cire d&rsquo;abeille, CBD.<\/p>\n<p>Tous les ingr\u00e9dients sont issus de l&rsquo;agriculture biologique.<\/p>\n","protected":false},"excerpt":{"rendered":"<p>Ingr\u00e9dients : huile de coco, cire d&rsquo;abeille, CBD. Tous les ingr\u00e9dients sont issus de l&rsquo;agriculture biologique.<\/p>\n","protected":false},"featured_media":4247,"template":"","meta":[],"product_brand":[],"product_cat":[148],"product_tag":[85],"class_list":{"0":"post-4230","1":"product","2":"type-product","3":"status-publish","4":"has-post-thumbnail","6":"product_cat-la-beuh-grasse","7":"product_tag-cosmetique","9":"first","10":"outofstock","11":"shipping-taxable","12":"product-type-simple"},"jetpack_sharing_enabled":true,"_links":{"self":[{"href":"https:\/\/courscircuits.fr\/index.php\/wp-json\/wp\/v2\/product\/4230","targetHints":{"allow":["GET"]}}],"collection":[{"href":"https:\/\/courscircuits.fr\/index.php\/wp-json\/wp\/v2\/product"}],"about":[{"href":"https:\/\/courscircuits.fr\/index.php\/wp-json\/wp\/v2\/types\/product"}],"wp:featuredmedia":[{"embeddable":true,"href":"https:\/\/courscircuits.fr\/index.php\/wp-json\/wp\/v2\/media\/4247"}],"wp:attachment":[{"href":"https:\/\/courscircuits.fr\/index.php\/wp-json\/wp\/v2\/media?parent=4230"}],"wp:term":[{"taxonomy":"product_brand","embeddable":true,"href":"https:\/\/courscircuits.fr\/index.php\/wp-json\/wp\/v2\/product_brand?post=4230"},{"taxonomy":"product_cat","embeddable":true,"href":"https:\/\/courscircuits.fr\/index.php\/wp-json\/wp\/v2\/product_cat?post=4230"},{"taxonomy":"product_tag","embeddable":true,"href":"https:\/\/courscircuits.fr\/index.php\/wp-json\/wp\/v2\/product_tag?post=4230"}],"curies":[{"name":"wp","href":"https:\/\/api.w.org\/{rel}","templated":true}]}}