{"id":4180,"date":"2025-02-04T17:08:08","date_gmt":"2025-02-04T16:08:08","guid":{"rendered":"https:\/\/courscircuits.fr\/?post_type=product&#038;p=4180"},"modified":"2025-12-10T12:10:36","modified_gmt":"2025-12-10T11:10:36","slug":"madeleine-nature","status":"publish","type":"product","link":"https:\/\/courscircuits.fr\/index.php\/produit\/madeleine-nature\/","title":{"rendered":"Madeleine nature"},"content":{"rendered":"<p>La liste des ingr\u00e9dients de base : \u0153ufs de la ferme des filles ou de lacampagne \u00e0 aillas, farine du domaine de glairoux, beurre, sucre blanc de cours circuit.<\/p>\n","protected":false},"excerpt":{"rendered":"<p>La liste des ingr\u00e9dients de base : \u0153ufs de la ferme des filles ou de lacampagne \u00e0 aillas, farine du domaine de glairoux, beurre, sucre blanc de cours circuit.<\/p>\n","protected":false},"featured_media":0,"template":"","meta":[],"product_brand":[],"product_cat":[125],"product_tag":[65],"class_list":{"0":"post-4180","1":"product","2":"type-product","3":"status-publish","5":"product_cat-cest-pas-du-gateau","6":"product_tag-dessert","8":"first","9":"instock","10":"shipping-taxable","11":"product-type-simple"},"jetpack_sharing_enabled":true,"_links":{"self":[{"href":"https:\/\/courscircuits.fr\/index.php\/wp-json\/wp\/v2\/product\/4180","targetHints":{"allow":["GET"]}}],"collection":[{"href":"https:\/\/courscircuits.fr\/index.php\/wp-json\/wp\/v2\/product"}],"about":[{"href":"https:\/\/courscircuits.fr\/index.php\/wp-json\/wp\/v2\/types\/product"}],"wp:attachment":[{"href":"https:\/\/courscircuits.fr\/index.php\/wp-json\/wp\/v2\/media?parent=4180"}],"wp:term":[{"taxonomy":"product_brand","embeddable":true,"href":"https:\/\/courscircuits.fr\/index.php\/wp-json\/wp\/v2\/product_brand?post=4180"},{"taxonomy":"product_cat","embeddable":true,"href":"https:\/\/courscircuits.fr\/index.php\/wp-json\/wp\/v2\/product_cat?post=4180"},{"taxonomy":"product_tag","embeddable":true,"href":"https:\/\/courscircuits.fr\/index.php\/wp-json\/wp\/v2\/product_tag?post=4180"}],"curies":[{"name":"wp","href":"https:\/\/api.w.org\/{rel}","templated":true}]}}