{"id":4052,"date":"2024-12-09T19:11:45","date_gmt":"2024-12-09T18:11:45","guid":{"rendered":"https:\/\/courscircuits.fr\/index.php\/produit\/tisane-lla-sacree-panse\/"},"modified":"2026-03-15T14:46:29","modified_gmt":"2026-03-15T13:46:29","slug":"tisane-lla-sacree-panse","status":"publish","type":"product","link":"https:\/\/courscircuits.fr\/index.php\/produit\/tisane-lla-sacree-panse\/","title":{"rendered":"Tisane La sacr\u00e9e panse"},"content":{"rendered":"<p>Tisane digestive \u00e0 base de chanvre \u00e0 CBD de 30gr<\/p>\n","protected":false},"excerpt":{"rendered":"<p>Tisane digestive \u00e0 base de chanvre \u00e0 CBD de 30gr<\/p>\n","protected":false},"featured_media":4061,"template":"","meta":[],"product_brand":[],"product_cat":[148],"product_tag":[149],"class_list":{"0":"post-4052","1":"product","2":"type-product","3":"status-publish","4":"has-post-thumbnail","6":"product_cat-la-beuh-grasse","7":"product_tag-cbd","9":"first","10":"instock","11":"shipping-taxable","12":"product-type-simple"},"jetpack_sharing_enabled":true,"_links":{"self":[{"href":"https:\/\/courscircuits.fr\/index.php\/wp-json\/wp\/v2\/product\/4052","targetHints":{"allow":["GET"]}}],"collection":[{"href":"https:\/\/courscircuits.fr\/index.php\/wp-json\/wp\/v2\/product"}],"about":[{"href":"https:\/\/courscircuits.fr\/index.php\/wp-json\/wp\/v2\/types\/product"}],"wp:featuredmedia":[{"embeddable":true,"href":"https:\/\/courscircuits.fr\/index.php\/wp-json\/wp\/v2\/media\/4061"}],"wp:attachment":[{"href":"https:\/\/courscircuits.fr\/index.php\/wp-json\/wp\/v2\/media?parent=4052"}],"wp:term":[{"taxonomy":"product_brand","embeddable":true,"href":"https:\/\/courscircuits.fr\/index.php\/wp-json\/wp\/v2\/product_brand?post=4052"},{"taxonomy":"product_cat","embeddable":true,"href":"https:\/\/courscircuits.fr\/index.php\/wp-json\/wp\/v2\/product_cat?post=4052"},{"taxonomy":"product_tag","embeddable":true,"href":"https:\/\/courscircuits.fr\/index.php\/wp-json\/wp\/v2\/product_tag?post=4052"}],"curies":[{"name":"wp","href":"https:\/\/api.w.org\/{rel}","templated":true}]}}