{"id":4050,"date":"2024-12-09T19:11:44","date_gmt":"2024-12-09T18:11:44","guid":{"rendered":"https:\/\/courscircuits.fr\/index.php\/produit\/tisane-cool-shit-dans-les-pres\/"},"modified":"2026-03-15T14:46:29","modified_gmt":"2026-03-15T13:46:29","slug":"tisane-cool-shit-dans-les-pres","status":"publish","type":"product","link":"https:\/\/courscircuits.fr\/index.php\/produit\/tisane-cool-shit-dans-les-pres\/","title":{"rendered":"Tisane Cool shit dans les pr\u00e8s"},"content":{"rendered":"<p>Tisane relaxante \u00e0 base de chanvre \u00e0 CBD de 30gr<\/p>\n","protected":false},"excerpt":{"rendered":"<p>Tisane relaxante \u00e0 base de chanvre \u00e0 CBD de 30gr<\/p>\n","protected":false},"featured_media":4062,"template":"","meta":[],"product_brand":[],"product_cat":[148],"product_tag":[149],"class_list":{"0":"post-4050","1":"product","2":"type-product","3":"status-publish","4":"has-post-thumbnail","6":"product_cat-la-beuh-grasse","7":"product_tag-cbd","9":"first","10":"instock","11":"shipping-taxable","12":"product-type-simple"},"jetpack_sharing_enabled":true,"_links":{"self":[{"href":"https:\/\/courscircuits.fr\/index.php\/wp-json\/wp\/v2\/product\/4050","targetHints":{"allow":["GET"]}}],"collection":[{"href":"https:\/\/courscircuits.fr\/index.php\/wp-json\/wp\/v2\/product"}],"about":[{"href":"https:\/\/courscircuits.fr\/index.php\/wp-json\/wp\/v2\/types\/product"}],"wp:featuredmedia":[{"embeddable":true,"href":"https:\/\/courscircuits.fr\/index.php\/wp-json\/wp\/v2\/media\/4062"}],"wp:attachment":[{"href":"https:\/\/courscircuits.fr\/index.php\/wp-json\/wp\/v2\/media?parent=4050"}],"wp:term":[{"taxonomy":"product_brand","embeddable":true,"href":"https:\/\/courscircuits.fr\/index.php\/wp-json\/wp\/v2\/product_brand?post=4050"},{"taxonomy":"product_cat","embeddable":true,"href":"https:\/\/courscircuits.fr\/index.php\/wp-json\/wp\/v2\/product_cat?post=4050"},{"taxonomy":"product_tag","embeddable":true,"href":"https:\/\/courscircuits.fr\/index.php\/wp-json\/wp\/v2\/product_tag?post=4050"}],"curies":[{"name":"wp","href":"https:\/\/api.w.org\/{rel}","templated":true}]}}