{"id":3912,"date":"2024-11-26T14:16:43","date_gmt":"2024-11-26T13:16:43","guid":{"rendered":"https:\/\/courscircuits.fr\/?post_type=product&#038;p=3912"},"modified":"2026-03-19T03:13:25","modified_gmt":"2026-03-19T02:13:25","slug":"pommes-bio-smeralda-1er-choix-4kg","status":"publish","type":"product","link":"https:\/\/courscircuits.fr\/index.php\/produit\/pommes-bio-smeralda-1er-choix-4kg\/","title":{"rendered":"Pommes Bio SMERALDA 1er choix 4kg petit calibre"},"content":{"rendered":"<p>Fruits de Philippe Quioc, arboriculteur \u00e0 Gu\u00e9rin (47)<br \/>\nVari\u00e9t\u00e9 de pomme bio : GALA<br \/>\n4kg<\/p>\n","protected":false},"excerpt":{"rendered":"<p>Fruits de Philippe Quioc, arboriculteur \u00e0 Gu\u00e9rin (47) Vari\u00e9t\u00e9 de pomme bio : GALA 4kg<\/p>\n","protected":false},"featured_media":3913,"template":"","meta":[],"product_brand":[],"product_cat":[126],"product_tag":[34],"class_list":{"0":"post-3912","1":"product","2":"type-product","3":"status-publish","4":"has-post-thumbnail","6":"product_cat-verger-de-mequin","7":"product_tag-fruit","9":"first","10":"instock","11":"shipping-taxable","12":"product-type-simple"},"jetpack_sharing_enabled":true,"_links":{"self":[{"href":"https:\/\/courscircuits.fr\/index.php\/wp-json\/wp\/v2\/product\/3912","targetHints":{"allow":["GET"]}}],"collection":[{"href":"https:\/\/courscircuits.fr\/index.php\/wp-json\/wp\/v2\/product"}],"about":[{"href":"https:\/\/courscircuits.fr\/index.php\/wp-json\/wp\/v2\/types\/product"}],"wp:featuredmedia":[{"embeddable":true,"href":"https:\/\/courscircuits.fr\/index.php\/wp-json\/wp\/v2\/media\/3913"}],"wp:attachment":[{"href":"https:\/\/courscircuits.fr\/index.php\/wp-json\/wp\/v2\/media?parent=3912"}],"wp:term":[{"taxonomy":"product_brand","embeddable":true,"href":"https:\/\/courscircuits.fr\/index.php\/wp-json\/wp\/v2\/product_brand?post=3912"},{"taxonomy":"product_cat","embeddable":true,"href":"https:\/\/courscircuits.fr\/index.php\/wp-json\/wp\/v2\/product_cat?post=3912"},{"taxonomy":"product_tag","embeddable":true,"href":"https:\/\/courscircuits.fr\/index.php\/wp-json\/wp\/v2\/product_tag?post=3912"}],"curies":[{"name":"wp","href":"https:\/\/api.w.org\/{rel}","templated":true}]}}