{"id":3850,"date":"2024-11-05T21:47:37","date_gmt":"2024-11-05T20:47:37","guid":{"rendered":"https:\/\/courscircuits.fr\/?post_type=product&#038;p=3850"},"modified":"2026-03-20T16:42:53","modified_gmt":"2026-03-20T15:42:53","slug":"pommes-bio-dalinsweet-1er-choix-4kg","status":"publish","type":"product","link":"https:\/\/courscircuits.fr\/index.php\/produit\/pommes-bio-dalinsweet-1er-choix-4kg\/","title":{"rendered":"Pommes Bio GOLDRUSH 1er choix 4kg"},"content":{"rendered":"<p>Fruits de Philippe Quioc, arboriculteur \u00e0 Gu\u00e9rin (47)<br \/>\nVari\u00e9t\u00e9 de pomme bio : GALA<br \/>\n4kg<\/p>\n","protected":false},"excerpt":{"rendered":"<p>Fruits de Philippe Quioc, arboriculteur \u00e0 Gu\u00e9rin (47) Vari\u00e9t\u00e9 de pomme bio : GALA 4kg<\/p>\n","protected":false},"featured_media":2332,"template":"","meta":[],"product_brand":[],"product_cat":[126],"product_tag":[34],"class_list":{"0":"post-3850","1":"product","2":"type-product","3":"status-publish","4":"has-post-thumbnail","6":"product_cat-verger-de-mequin","7":"product_tag-fruit","9":"first","10":"instock","11":"shipping-taxable","12":"product-type-simple"},"jetpack_sharing_enabled":true,"_links":{"self":[{"href":"https:\/\/courscircuits.fr\/index.php\/wp-json\/wp\/v2\/product\/3850","targetHints":{"allow":["GET"]}}],"collection":[{"href":"https:\/\/courscircuits.fr\/index.php\/wp-json\/wp\/v2\/product"}],"about":[{"href":"https:\/\/courscircuits.fr\/index.php\/wp-json\/wp\/v2\/types\/product"}],"wp:featuredmedia":[{"embeddable":true,"href":"https:\/\/courscircuits.fr\/index.php\/wp-json\/wp\/v2\/media\/2332"}],"wp:attachment":[{"href":"https:\/\/courscircuits.fr\/index.php\/wp-json\/wp\/v2\/media?parent=3850"}],"wp:term":[{"taxonomy":"product_brand","embeddable":true,"href":"https:\/\/courscircuits.fr\/index.php\/wp-json\/wp\/v2\/product_brand?post=3850"},{"taxonomy":"product_cat","embeddable":true,"href":"https:\/\/courscircuits.fr\/index.php\/wp-json\/wp\/v2\/product_cat?post=3850"},{"taxonomy":"product_tag","embeddable":true,"href":"https:\/\/courscircuits.fr\/index.php\/wp-json\/wp\/v2\/product_tag?post=3850"}],"curies":[{"name":"wp","href":"https:\/\/api.w.org\/{rel}","templated":true}]}}