{"id":3828,"date":"2024-10-29T16:02:23","date_gmt":"2024-10-29T15:02:23","guid":{"rendered":"https:\/\/courscircuits.fr\/?post_type=product&#038;p=3828"},"modified":"2025-11-12T19:04:04","modified_gmt":"2025-11-12T18:04:04","slug":"baume-de-massage-30ml","status":"publish","type":"product","link":"https:\/\/courscircuits.fr\/index.php\/produit\/baume-de-massage-30ml\/","title":{"rendered":"Baume de massage 30ml"},"content":{"rendered":"<div>Ce baume de massage est \u00e0 base de 3 mac\u00e9rats de plantes:<\/div>\n<div>Le mac\u00e9rat d\u2019harpagophytum\u00a0qui apaise la douleur articulaire et musculaire .Traditionnellement utilis\u00e9e en phytoth\u00e9rapie contre les douleurs musculaires, les rhumatismes. Anti-inflammatoire, analg\u00e9sique. L\u2019harpagophytum est conseill\u00e9 en phytoth\u00e9rapie pour l\u2019arthrose de la hanche et du genou, l\u2019ost\u00e9oporose, les lombalgies chroniques, lumbagos, n\u00e9vralgies, sciatique, goutte. L\u2019Harpagophytum est aussi appr\u00e9ci\u00e9 des sportifs pour ses bienfaits apr\u00e8s l\u2019effort. L\u2019harpagophytum est par exemple conseill\u00e9 en cas d\u2019entorse ou de tendinite, afin de calmer la douleur et l\u2019inflammation et de diminuer le temps n\u00e9cessaire pour le r\u00e9tablissement. Cette plante aide \u00e9galement \u00e0 maintenir une bonne flexibilit\u00e9 des tendons chez les personnes amen\u00e9es \u00e0 r\u00e9aliser des efforts physiques importants, ou faisant des gestes identiques de fa\u00e7on r\u00e9p\u00e9t\u00e9e (par exemple pour les personnes pratiquant un sport comportant des mouvements de torsions).<\/div>\n<div>Le mac\u00e9r\u00e2t d\u2019Arnica\u00a0qui est riche en compos\u00e9s anti-inflammatoires puissants.<\/div>\n<div class=\"elementToProof\">Le mac\u00e9r\u00e2t d\u2019h\u00e9lichryse\u00a0\u00a0qui est anti-oed\u00e9mateuse, antichocs, anti-h\u00e9matomes<\/div>\n<div><\/div>\n<div>Il suffit de plusieurs applications quotidiennes\u00a0 pendant quelques\u00a0 jours.<\/div>\n<div>Nous avons conditionn\u00e9 ce baume dans un pot en m\u00e9tal approuv\u00e9 pour le contact alimentaire. Il se recycle \u00e0 l\u2019infini et est moins \u00e9nergivore a transformer que le verre et plus l\u00e9ger \u00e0 transporter.<\/div>\n<div>Conseil d\u2019utilisation: Ce baume peut-\u00eatre appliquer avec quelques gouttes d\u2019huiles essentielles de gaulth\u00e9rie ou romarin camphr\u00e9 ou eucalyptus citronn\u00e9 par exemple.<\/div>\n<div>Usage externe.<\/div>\n<div>\u00c9vitez le contact avec les yeux.<\/div>\n<div>Ne pas utiliser chez les enfants de moins de 6 ans et les femmes enceintes ou allaitantes. Ne pas appliquer sur une plaie ouverte ou brulure.<\/div>\n","protected":false},"excerpt":{"rendered":"<p>Ce baume de massage est \u00e0 base de 3 mac\u00e9rats de plantes: Le mac\u00e9rat d\u2019harpagophytum\u00a0qui apaise la douleur articulaire et musculaire .Traditionnellement utilis\u00e9e en phytoth\u00e9rapie contre les douleurs musculaires, les rhumatismes. Anti-inflammatoire, analg\u00e9sique. L\u2019harpagophytum est conseill\u00e9 en phytoth\u00e9rapie pour l\u2019arthrose de la hanche et du genou, l\u2019ost\u00e9oporose, les lombalgies chroniques, lumbagos, n\u00e9vralgies, sciatique, goutte. L\u2019Harpagophytum [&hellip;]<\/p>\n","protected":false},"featured_media":3829,"template":"","meta":[],"product_brand":[],"product_cat":[123],"product_tag":[83],"class_list":{"0":"post-3828","1":"product","2":"type-product","3":"status-publish","4":"has-post-thumbnail","6":"product_cat-savons-garobulles","7":"product_tag-savon","9":"first","10":"instock","11":"shipping-taxable","12":"product-type-simple"},"jetpack_sharing_enabled":true,"_links":{"self":[{"href":"https:\/\/courscircuits.fr\/index.php\/wp-json\/wp\/v2\/product\/3828","targetHints":{"allow":["GET"]}}],"collection":[{"href":"https:\/\/courscircuits.fr\/index.php\/wp-json\/wp\/v2\/product"}],"about":[{"href":"https:\/\/courscircuits.fr\/index.php\/wp-json\/wp\/v2\/types\/product"}],"wp:featuredmedia":[{"embeddable":true,"href":"https:\/\/courscircuits.fr\/index.php\/wp-json\/wp\/v2\/media\/3829"}],"wp:attachment":[{"href":"https:\/\/courscircuits.fr\/index.php\/wp-json\/wp\/v2\/media?parent=3828"}],"wp:term":[{"taxonomy":"product_brand","embeddable":true,"href":"https:\/\/courscircuits.fr\/index.php\/wp-json\/wp\/v2\/product_brand?post=3828"},{"taxonomy":"product_cat","embeddable":true,"href":"https:\/\/courscircuits.fr\/index.php\/wp-json\/wp\/v2\/product_cat?post=3828"},{"taxonomy":"product_tag","embeddable":true,"href":"https:\/\/courscircuits.fr\/index.php\/wp-json\/wp\/v2\/product_tag?post=3828"}],"curies":[{"name":"wp","href":"https:\/\/api.w.org\/{rel}","templated":true}]}}