{"id":3516,"date":"2024-03-30T14:11:06","date_gmt":"2024-03-30T13:11:06","guid":{"rendered":"https:\/\/courscircuits.fr\/?post_type=product&#038;p=3516"},"modified":"2026-04-04T10:38:18","modified_gmt":"2026-04-04T08:38:18","slug":"puree-de-poires-277gr","status":"publish","type":"product","link":"https:\/\/courscircuits.fr\/index.php\/produit\/puree-de-poires-277gr\/","title":{"rendered":"Pur\u00e9e de Poires 277gr"},"content":{"rendered":"<p>Une pur\u00e9e des bonnes poires du verger de M\u00e9quin juste excellente sans sucre ajout\u00e9. Un vrai d\u00e9lice.<\/p>\n","protected":false},"excerpt":{"rendered":"<p>Une pur\u00e9e des bonnes poires du verger de M\u00e9quin juste excellente sans sucre ajout\u00e9. Un vrai d\u00e9lice.<\/p>\n","protected":false},"featured_media":903,"template":"","meta":[],"product_brand":[],"product_cat":[126],"product_tag":[],"class_list":{"0":"post-3516","1":"product","2":"type-product","3":"status-publish","4":"has-post-thumbnail","6":"product_cat-verger-de-mequin","8":"first","9":"onbackorder","10":"shipping-taxable","11":"product-type-simple"},"jetpack_sharing_enabled":true,"_links":{"self":[{"href":"https:\/\/courscircuits.fr\/index.php\/wp-json\/wp\/v2\/product\/3516","targetHints":{"allow":["GET"]}}],"collection":[{"href":"https:\/\/courscircuits.fr\/index.php\/wp-json\/wp\/v2\/product"}],"about":[{"href":"https:\/\/courscircuits.fr\/index.php\/wp-json\/wp\/v2\/types\/product"}],"wp:featuredmedia":[{"embeddable":true,"href":"https:\/\/courscircuits.fr\/index.php\/wp-json\/wp\/v2\/media\/903"}],"wp:attachment":[{"href":"https:\/\/courscircuits.fr\/index.php\/wp-json\/wp\/v2\/media?parent=3516"}],"wp:term":[{"taxonomy":"product_brand","embeddable":true,"href":"https:\/\/courscircuits.fr\/index.php\/wp-json\/wp\/v2\/product_brand?post=3516"},{"taxonomy":"product_cat","embeddable":true,"href":"https:\/\/courscircuits.fr\/index.php\/wp-json\/wp\/v2\/product_cat?post=3516"},{"taxonomy":"product_tag","embeddable":true,"href":"https:\/\/courscircuits.fr\/index.php\/wp-json\/wp\/v2\/product_tag?post=3516"}],"curies":[{"name":"wp","href":"https:\/\/api.w.org\/{rel}","templated":true}]}}