{"id":3429,"date":"2024-02-06T14:30:36","date_gmt":"2024-02-06T13:30:36","guid":{"rendered":"https:\/\/courscircuits.fr\/?post_type=product&#038;p=3429"},"modified":"2026-04-04T10:35:26","modified_gmt":"2026-04-04T08:35:26","slug":"jus-de-pomme-ab","status":"publish","type":"product","link":"https:\/\/courscircuits.fr\/index.php\/produit\/jus-de-pomme-ab\/","title":{"rendered":"Jus de Pomme AB"},"content":{"rendered":"<p>Jus de Pomme AB issu des pommes du verger de M\u00e9quin \u00e0 Gu\u00e9rin.<\/p>\n","protected":false},"excerpt":{"rendered":"<p>Jus de Pomme AB issu des pommes du verger de M\u00e9quin \u00e0 Gu\u00e9rin.<\/p>\n","protected":false},"featured_media":2631,"template":"","meta":[],"product_brand":[],"product_cat":[126],"product_tag":[56],"class_list":{"0":"post-3429","1":"product","2":"type-product","3":"status-publish","4":"has-post-thumbnail","6":"product_cat-verger-de-mequin","7":"product_tag-jus","9":"first","10":"instock","11":"shipping-taxable","12":"product-type-simple"},"jetpack_sharing_enabled":true,"_links":{"self":[{"href":"https:\/\/courscircuits.fr\/index.php\/wp-json\/wp\/v2\/product\/3429","targetHints":{"allow":["GET"]}}],"collection":[{"href":"https:\/\/courscircuits.fr\/index.php\/wp-json\/wp\/v2\/product"}],"about":[{"href":"https:\/\/courscircuits.fr\/index.php\/wp-json\/wp\/v2\/types\/product"}],"wp:featuredmedia":[{"embeddable":true,"href":"https:\/\/courscircuits.fr\/index.php\/wp-json\/wp\/v2\/media\/2631"}],"wp:attachment":[{"href":"https:\/\/courscircuits.fr\/index.php\/wp-json\/wp\/v2\/media?parent=3429"}],"wp:term":[{"taxonomy":"product_brand","embeddable":true,"href":"https:\/\/courscircuits.fr\/index.php\/wp-json\/wp\/v2\/product_brand?post=3429"},{"taxonomy":"product_cat","embeddable":true,"href":"https:\/\/courscircuits.fr\/index.php\/wp-json\/wp\/v2\/product_cat?post=3429"},{"taxonomy":"product_tag","embeddable":true,"href":"https:\/\/courscircuits.fr\/index.php\/wp-json\/wp\/v2\/product_tag?post=3429"}],"curies":[{"name":"wp","href":"https:\/\/api.w.org\/{rel}","templated":true}]}}