{"id":2823,"date":"2023-03-27T10:28:06","date_gmt":"2023-03-27T08:28:06","guid":{"rendered":"https:\/\/courscircuits.fr\/index.php\/produit\/boisson-au-soja-nature-sans-sucres-ajoutes-1l\/"},"modified":"2025-12-19T18:30:45","modified_gmt":"2025-12-19T17:30:45","slug":"boisson-au-soja-nature-sans-sucres-ajoutes-1l","status":"publish","type":"product","link":"https:\/\/courscircuits.fr\/index.php\/produit\/boisson-au-soja-nature-sans-sucres-ajoutes-1l\/","title":{"rendered":"BOISSON AU SOJA NATURE SANS SUCRES AJOUT\u00c9S 1L moiti\u00e9 prix DLUO d\u00e9pass\u00e9e"},"content":{"rendered":"<p>boisson au soja nature sans sucres ajout\u00e9s<br \/>\npar 1litre<br \/>\nBio<br \/>\nOrigine allemagne<\/p>\n","protected":false},"excerpt":{"rendered":"<p>boisson au soja nature sans sucres ajout\u00e9s par 1litre Bio Origine allemagne<\/p>\n","protected":false},"featured_media":2926,"template":"","meta":[],"product_brand":[],"product_cat":[128],"product_tag":[131],"class_list":{"0":"post-2823","1":"product","2":"type-product","3":"status-publish","4":"has-post-thumbnail","6":"product_cat-actibio","7":"product_tag-petit-dejeuner","9":"first","10":"instock","11":"shipping-taxable","12":"product-type-simple"},"jetpack_sharing_enabled":true,"_links":{"self":[{"href":"https:\/\/courscircuits.fr\/index.php\/wp-json\/wp\/v2\/product\/2823","targetHints":{"allow":["GET"]}}],"collection":[{"href":"https:\/\/courscircuits.fr\/index.php\/wp-json\/wp\/v2\/product"}],"about":[{"href":"https:\/\/courscircuits.fr\/index.php\/wp-json\/wp\/v2\/types\/product"}],"wp:featuredmedia":[{"embeddable":true,"href":"https:\/\/courscircuits.fr\/index.php\/wp-json\/wp\/v2\/media\/2926"}],"wp:attachment":[{"href":"https:\/\/courscircuits.fr\/index.php\/wp-json\/wp\/v2\/media?parent=2823"}],"wp:term":[{"taxonomy":"product_brand","embeddable":true,"href":"https:\/\/courscircuits.fr\/index.php\/wp-json\/wp\/v2\/product_brand?post=2823"},{"taxonomy":"product_cat","embeddable":true,"href":"https:\/\/courscircuits.fr\/index.php\/wp-json\/wp\/v2\/product_cat?post=2823"},{"taxonomy":"product_tag","embeddable":true,"href":"https:\/\/courscircuits.fr\/index.php\/wp-json\/wp\/v2\/product_tag?post=2823"}],"curies":[{"name":"wp","href":"https:\/\/api.w.org\/{rel}","templated":true}]}}