{"id":2817,"date":"2023-03-27T10:28:05","date_gmt":"2023-03-27T08:28:05","guid":{"rendered":"https:\/\/courscircuits.fr\/index.php\/produit\/cafe-moulu-bio-highland-1kg\/"},"modified":"2026-04-04T10:46:38","modified_gmt":"2026-04-04T08:46:38","slug":"cafe-moulu-bio-highland-1kg","status":"publish","type":"product","link":"https:\/\/courscircuits.fr\/index.php\/produit\/cafe-moulu-bio-highland-1kg\/","title":{"rendered":"CAF\u00c9 MOULU \u00ab\u00a0BIO HIGHLAND\u00a0\u00bb 1kg"},"content":{"rendered":"<p>CAF\u00c9 MOULU \u00ab\u00a0BIO HIGHLAND\u00a0\u00bb : 1kg<br \/>\nBio et \u00e9quitable.<br \/>\nOrigine : OUGANDA \/ AM. LATINE<\/p>\n<p>Rond &amp; Fruit\u00e9 : Caf\u00e9 tr\u00e8s doux et riche avec un go\u00fbt l\u00e9ger et un arri\u00e8re-go\u00fbt fruit\u00e9. Peut s\u2019utiliser dans une machine \u00e0 caf\u00e9 espresso. Vous obtenez alors une tasse de caf\u00e9 doux et plus fruit\u00e9. ce qui est atypique pour un espresso. mais cependant tr\u00e8s agr\u00e9able. Au moins 90% arabica.<\/p>\n","protected":false},"excerpt":{"rendered":"<p>CAF\u00c9 MOULU \u00ab\u00a0BIO HIGHLAND\u00a0\u00bb : 1kg Bio et \u00e9quitable. Origine : OUGANDA \/ AM. LATINE Rond &amp; Fruit\u00e9 : Caf\u00e9 tr\u00e8s doux et riche avec un go\u00fbt l\u00e9ger et un arri\u00e8re-go\u00fbt fruit\u00e9. Peut s\u2019utiliser dans une machine \u00e0 caf\u00e9 espresso. Vous obtenez alors une tasse de caf\u00e9 doux et plus fruit\u00e9. ce qui est atypique [&hellip;]<\/p>\n","protected":false},"featured_media":0,"template":"","meta":[],"product_brand":[],"product_cat":[128],"product_tag":[130],"class_list":{"0":"post-2817","1":"product","2":"type-product","3":"status-publish","5":"product_cat-actibio","6":"product_tag-cafe","8":"first","9":"instock","10":"shipping-taxable","11":"product-type-simple"},"jetpack_sharing_enabled":true,"_links":{"self":[{"href":"https:\/\/courscircuits.fr\/index.php\/wp-json\/wp\/v2\/product\/2817","targetHints":{"allow":["GET"]}}],"collection":[{"href":"https:\/\/courscircuits.fr\/index.php\/wp-json\/wp\/v2\/product"}],"about":[{"href":"https:\/\/courscircuits.fr\/index.php\/wp-json\/wp\/v2\/types\/product"}],"wp:attachment":[{"href":"https:\/\/courscircuits.fr\/index.php\/wp-json\/wp\/v2\/media?parent=2817"}],"wp:term":[{"taxonomy":"product_brand","embeddable":true,"href":"https:\/\/courscircuits.fr\/index.php\/wp-json\/wp\/v2\/product_brand?post=2817"},{"taxonomy":"product_cat","embeddable":true,"href":"https:\/\/courscircuits.fr\/index.php\/wp-json\/wp\/v2\/product_cat?post=2817"},{"taxonomy":"product_tag","embeddable":true,"href":"https:\/\/courscircuits.fr\/index.php\/wp-json\/wp\/v2\/product_tag?post=2817"}],"curies":[{"name":"wp","href":"https:\/\/api.w.org\/{rel}","templated":true}]}}