{"id":2717,"date":"2023-02-05T15:45:07","date_gmt":"2023-02-05T14:45:07","guid":{"rendered":"https:\/\/courscircuits.fr\/?post_type=product&#038;p=2717"},"modified":"2026-03-19T21:18:38","modified_gmt":"2026-03-19T20:18:38","slug":"galettes-suedoises-a-lavoine-fourrees-au-chocolat","status":"publish","type":"product","link":"https:\/\/courscircuits.fr\/index.php\/produit\/galettes-suedoises-a-lavoine-fourrees-au-chocolat\/","title":{"rendered":"galettes suedoises \u00e0 l&rsquo;avoine fourr\u00e9es au chocolat 200gr"},"content":{"rendered":"<p>Vendu \u00e0 l&rsquo;unit\u00e9<\/p>\n","protected":false},"excerpt":{"rendered":"<p>Vendu \u00e0 l&rsquo;unit\u00e9<\/p>\n","protected":false},"featured_media":0,"template":"","meta":[],"product_brand":[],"product_cat":[125],"product_tag":[65],"class_list":{"0":"post-2717","1":"product","2":"type-product","3":"status-publish","5":"product_cat-cest-pas-du-gateau","6":"product_tag-dessert","8":"first","9":"instock","10":"shipping-taxable","11":"product-type-simple"},"jetpack_sharing_enabled":true,"_links":{"self":[{"href":"https:\/\/courscircuits.fr\/index.php\/wp-json\/wp\/v2\/product\/2717","targetHints":{"allow":["GET"]}}],"collection":[{"href":"https:\/\/courscircuits.fr\/index.php\/wp-json\/wp\/v2\/product"}],"about":[{"href":"https:\/\/courscircuits.fr\/index.php\/wp-json\/wp\/v2\/types\/product"}],"wp:attachment":[{"href":"https:\/\/courscircuits.fr\/index.php\/wp-json\/wp\/v2\/media?parent=2717"}],"wp:term":[{"taxonomy":"product_brand","embeddable":true,"href":"https:\/\/courscircuits.fr\/index.php\/wp-json\/wp\/v2\/product_brand?post=2717"},{"taxonomy":"product_cat","embeddable":true,"href":"https:\/\/courscircuits.fr\/index.php\/wp-json\/wp\/v2\/product_cat?post=2717"},{"taxonomy":"product_tag","embeddable":true,"href":"https:\/\/courscircuits.fr\/index.php\/wp-json\/wp\/v2\/product_tag?post=2717"}],"curies":[{"name":"wp","href":"https:\/\/api.w.org\/{rel}","templated":true}]}}