{"id":2318,"date":"2022-11-29T18:50:52","date_gmt":"2022-11-29T17:50:52","guid":{"rendered":"https:\/\/courscircuits.fr\/index.php\/produit\/500g-cookies-oranges-confites-chocolat-noir\/"},"modified":"2026-03-01T17:15:20","modified_gmt":"2026-03-01T16:15:20","slug":"500g-cookies-oranges-confites-chocolat-noir","status":"publish","type":"product","link":"https:\/\/courscircuits.fr\/index.php\/produit\/500g-cookies-oranges-confites-chocolat-noir\/","title":{"rendered":"500g Cookies oranges confites chocolat noir"},"content":{"rendered":"<p>La liste des ingr\u00e9dients de base : \u0153ufs de la ferme des filles ou de lacampagne \u00e0 aillas, farine du domaine de glairoux, beurre, sucre blanc de cours circuit.<\/p>\n","protected":false},"excerpt":{"rendered":"<p>La liste des ingr\u00e9dients de base : \u0153ufs de la ferme des filles ou de lacampagne \u00e0 aillas, farine du domaine de glairoux, beurre, sucre blanc de cours circuit.<\/p>\n","protected":false},"featured_media":2461,"template":"","meta":[],"product_brand":[],"product_cat":[125],"product_tag":[65],"class_list":{"0":"post-2318","1":"product","2":"type-product","3":"status-publish","4":"has-post-thumbnail","6":"product_cat-cest-pas-du-gateau","7":"product_tag-dessert","9":"first","10":"instock","11":"shipping-taxable","12":"product-type-simple"},"jetpack_sharing_enabled":true,"_links":{"self":[{"href":"https:\/\/courscircuits.fr\/index.php\/wp-json\/wp\/v2\/product\/2318","targetHints":{"allow":["GET"]}}],"collection":[{"href":"https:\/\/courscircuits.fr\/index.php\/wp-json\/wp\/v2\/product"}],"about":[{"href":"https:\/\/courscircuits.fr\/index.php\/wp-json\/wp\/v2\/types\/product"}],"wp:featuredmedia":[{"embeddable":true,"href":"https:\/\/courscircuits.fr\/index.php\/wp-json\/wp\/v2\/media\/2461"}],"wp:attachment":[{"href":"https:\/\/courscircuits.fr\/index.php\/wp-json\/wp\/v2\/media?parent=2318"}],"wp:term":[{"taxonomy":"product_brand","embeddable":true,"href":"https:\/\/courscircuits.fr\/index.php\/wp-json\/wp\/v2\/product_brand?post=2318"},{"taxonomy":"product_cat","embeddable":true,"href":"https:\/\/courscircuits.fr\/index.php\/wp-json\/wp\/v2\/product_cat?post=2318"},{"taxonomy":"product_tag","embeddable":true,"href":"https:\/\/courscircuits.fr\/index.php\/wp-json\/wp\/v2\/product_tag?post=2318"}],"curies":[{"name":"wp","href":"https:\/\/api.w.org\/{rel}","templated":true}]}}