{"id":2312,"date":"2022-11-29T18:50:51","date_gmt":"2022-11-29T17:50:51","guid":{"rendered":"https:\/\/courscircuits.fr\/index.php\/produit\/500g-cookies-cacahuete-nougatine-beurre-sale\/"},"modified":"2026-03-01T17:16:56","modified_gmt":"2026-03-01T16:16:56","slug":"500g-cookies-cacahuete-nougatine-beurre-sale","status":"publish","type":"product","link":"https:\/\/courscircuits.fr\/index.php\/produit\/500g-cookies-cacahuete-nougatine-beurre-sale\/","title":{"rendered":"500g Cookies cacahu\u00e8te nougatine beurre sal\u00e9"},"content":{"rendered":"<p>La liste des ingr\u00e9dients de base : \u0153ufs de la ferme des filles ou de lacampagne \u00e0 aillas, farine du domaine de glairoux, beurre, sucre blanc de cours circuit.<\/p>\n","protected":false},"excerpt":{"rendered":"<p>La liste des ingr\u00e9dients de base : \u0153ufs de la ferme des filles ou de lacampagne \u00e0 aillas, farine du domaine de glairoux, beurre, sucre blanc de cours circuit.<\/p>\n","protected":false},"featured_media":2720,"template":"","meta":[],"product_brand":[],"product_cat":[125],"product_tag":[65],"class_list":{"0":"post-2312","1":"product","2":"type-product","3":"status-publish","4":"has-post-thumbnail","6":"product_cat-cest-pas-du-gateau","7":"product_tag-dessert","9":"first","10":"instock","11":"shipping-taxable","12":"product-type-simple"},"jetpack_sharing_enabled":true,"_links":{"self":[{"href":"https:\/\/courscircuits.fr\/index.php\/wp-json\/wp\/v2\/product\/2312","targetHints":{"allow":["GET"]}}],"collection":[{"href":"https:\/\/courscircuits.fr\/index.php\/wp-json\/wp\/v2\/product"}],"about":[{"href":"https:\/\/courscircuits.fr\/index.php\/wp-json\/wp\/v2\/types\/product"}],"wp:featuredmedia":[{"embeddable":true,"href":"https:\/\/courscircuits.fr\/index.php\/wp-json\/wp\/v2\/media\/2720"}],"wp:attachment":[{"href":"https:\/\/courscircuits.fr\/index.php\/wp-json\/wp\/v2\/media?parent=2312"}],"wp:term":[{"taxonomy":"product_brand","embeddable":true,"href":"https:\/\/courscircuits.fr\/index.php\/wp-json\/wp\/v2\/product_brand?post=2312"},{"taxonomy":"product_cat","embeddable":true,"href":"https:\/\/courscircuits.fr\/index.php\/wp-json\/wp\/v2\/product_cat?post=2312"},{"taxonomy":"product_tag","embeddable":true,"href":"https:\/\/courscircuits.fr\/index.php\/wp-json\/wp\/v2\/product_tag?post=2312"}],"curies":[{"name":"wp","href":"https:\/\/api.w.org\/{rel}","templated":true}]}}