{"id":2035,"date":"2022-09-24T12:43:18","date_gmt":"2022-09-24T10:43:18","guid":{"rendered":"https:\/\/courscircuits.fr\/?post_type=product&#038;p=2035"},"modified":"2026-03-20T10:14:42","modified_gmt":"2026-03-20T09:14:42","slug":"farine-boulangere-t80-5-kg-varietes-anciennes","status":"publish","type":"product","link":"https:\/\/courscircuits.fr\/index.php\/produit\/farine-boulangere-t80-5-kg-varietes-anciennes\/","title":{"rendered":"Farine Boulang\u00e8re T80 5 kg &#8211; vari\u00e9t\u00e9s anciennes"},"content":{"rendered":"<p>Farine Boulang\u00e8re T80 5 kg &#8211; vari\u00e9t\u00e9s anciennes<\/p>\n","protected":false},"excerpt":{"rendered":"<p>Farine Boulang\u00e8re T80 5 kg &#8211; vari\u00e9t\u00e9s anciennes<\/p>\n","protected":false},"featured_media":2657,"template":"","meta":[],"product_brand":[],"product_cat":[45],"product_tag":[41],"class_list":{"0":"post-2035","1":"product","2":"type-product","3":"status-publish","4":"has-post-thumbnail","6":"product_cat-domaine-de-glayroux","7":"product_tag-farine","9":"first","10":"instock","11":"shipping-taxable","12":"product-type-simple"},"jetpack_sharing_enabled":true,"_links":{"self":[{"href":"https:\/\/courscircuits.fr\/index.php\/wp-json\/wp\/v2\/product\/2035","targetHints":{"allow":["GET"]}}],"collection":[{"href":"https:\/\/courscircuits.fr\/index.php\/wp-json\/wp\/v2\/product"}],"about":[{"href":"https:\/\/courscircuits.fr\/index.php\/wp-json\/wp\/v2\/types\/product"}],"wp:featuredmedia":[{"embeddable":true,"href":"https:\/\/courscircuits.fr\/index.php\/wp-json\/wp\/v2\/media\/2657"}],"wp:attachment":[{"href":"https:\/\/courscircuits.fr\/index.php\/wp-json\/wp\/v2\/media?parent=2035"}],"wp:term":[{"taxonomy":"product_brand","embeddable":true,"href":"https:\/\/courscircuits.fr\/index.php\/wp-json\/wp\/v2\/product_brand?post=2035"},{"taxonomy":"product_cat","embeddable":true,"href":"https:\/\/courscircuits.fr\/index.php\/wp-json\/wp\/v2\/product_cat?post=2035"},{"taxonomy":"product_tag","embeddable":true,"href":"https:\/\/courscircuits.fr\/index.php\/wp-json\/wp\/v2\/product_tag?post=2035"}],"curies":[{"name":"wp","href":"https:\/\/api.w.org\/{rel}","templated":true}]}}