{"id":17,"date":"2022-01-09T17:24:33","date_gmt":"2022-01-09T16:24:33","guid":{"rendered":"https:\/\/courscircuits.fr\/?post_type=product&#038;p=17"},"modified":"2025-04-19T09:56:45","modified_gmt":"2025-04-19T07:56:45","slug":"adhesion","status":"publish","type":"product","link":"https:\/\/courscircuits.fr\/index.php\/produit\/adhesion\/","title":{"rendered":"adhesion"},"content":{"rendered":"<p>l&rsquo;adhesion est condition par l&rsquo;acceptation de la charte et au paiement de la cotisation.<\/p>\n<p>cotisation min 5e + coup de pouce prix libre si vous le desirez<\/p>\n<p>Attention 2 heures de b\u00e9n\u00e9volat seront demand\u00e9s \u00e0 tout adh\u00e9rents <\/p>\n","protected":false},"excerpt":{"rendered":"<p>l&rsquo;adhesion est condition par l&rsquo;acceptation de la charte et au paiement de la cotisation. cotisation min 5e + coup de pouce prix libre si vous le desirez Attention 2 heures de b\u00e9n\u00e9volat seront demand\u00e9s \u00e0 tout adh\u00e9rents<\/p>\n","protected":false},"featured_media":0,"template":"","meta":[],"product_brand":[],"product_cat":[16],"product_tag":[17],"class_list":{"0":"post-17","1":"product","2":"type-product","3":"status-publish","5":"product_cat-assocourscircuits","6":"product_tag-adhesion","8":"first","9":"instock","10":"shipping-taxable","11":"product-type-simple"},"jetpack_sharing_enabled":true,"_links":{"self":[{"href":"https:\/\/courscircuits.fr\/index.php\/wp-json\/wp\/v2\/product\/17","targetHints":{"allow":["GET"]}}],"collection":[{"href":"https:\/\/courscircuits.fr\/index.php\/wp-json\/wp\/v2\/product"}],"about":[{"href":"https:\/\/courscircuits.fr\/index.php\/wp-json\/wp\/v2\/types\/product"}],"wp:attachment":[{"href":"https:\/\/courscircuits.fr\/index.php\/wp-json\/wp\/v2\/media?parent=17"}],"wp:term":[{"taxonomy":"product_brand","embeddable":true,"href":"https:\/\/courscircuits.fr\/index.php\/wp-json\/wp\/v2\/product_brand?post=17"},{"taxonomy":"product_cat","embeddable":true,"href":"https:\/\/courscircuits.fr\/index.php\/wp-json\/wp\/v2\/product_cat?post=17"},{"taxonomy":"product_tag","embeddable":true,"href":"https:\/\/courscircuits.fr\/index.php\/wp-json\/wp\/v2\/product_tag?post=17"}],"curies":[{"name":"wp","href":"https:\/\/api.w.org\/{rel}","templated":true}]}}