{"id":1485,"date":"2022-06-13T16:08:49","date_gmt":"2022-06-13T14:08:49","guid":{"rendered":"https:\/\/courscircuits.fr\/?post_type=product&#038;p=1485"},"modified":"2026-03-19T21:18:38","modified_gmt":"2026-03-19T20:18:38","slug":"gros-sel","status":"publish","type":"product","link":"https:\/\/courscircuits.fr\/index.php\/produit\/gros-sel\/","title":{"rendered":"Gros sel non raffin\u00e9 1kg"},"content":{"rendered":"<p>Gros sel de l&rsquo;Ile de R\u00e9 &#8211; Lab\u00e9lis\u00e9 Nature et Progr\u00e8s<\/p>\n","protected":false},"excerpt":{"rendered":"<p>Gros sel de l&rsquo;Ile de R\u00e9 &#8211; Lab\u00e9lis\u00e9 Nature et Progr\u00e8s<\/p>\n","protected":false},"featured_media":0,"template":"","meta":[],"product_brand":[],"product_cat":[133],"product_tag":[99],"class_list":{"0":"post-1485","1":"product","2":"type-product","3":"status-publish","5":"product_cat-la-boite-a-sel","6":"product_tag-epicerie","8":"first","9":"instock","10":"shipping-taxable","11":"product-type-simple"},"jetpack_sharing_enabled":true,"_links":{"self":[{"href":"https:\/\/courscircuits.fr\/index.php\/wp-json\/wp\/v2\/product\/1485","targetHints":{"allow":["GET"]}}],"collection":[{"href":"https:\/\/courscircuits.fr\/index.php\/wp-json\/wp\/v2\/product"}],"about":[{"href":"https:\/\/courscircuits.fr\/index.php\/wp-json\/wp\/v2\/types\/product"}],"wp:attachment":[{"href":"https:\/\/courscircuits.fr\/index.php\/wp-json\/wp\/v2\/media?parent=1485"}],"wp:term":[{"taxonomy":"product_brand","embeddable":true,"href":"https:\/\/courscircuits.fr\/index.php\/wp-json\/wp\/v2\/product_brand?post=1485"},{"taxonomy":"product_cat","embeddable":true,"href":"https:\/\/courscircuits.fr\/index.php\/wp-json\/wp\/v2\/product_cat?post=1485"},{"taxonomy":"product_tag","embeddable":true,"href":"https:\/\/courscircuits.fr\/index.php\/wp-json\/wp\/v2\/product_tag?post=1485"}],"curies":[{"name":"wp","href":"https:\/\/api.w.org\/{rel}","templated":true}]}}