{"id":568,"date":"2022-02-04T15:58:24","date_gmt":"2022-02-04T14:58:24","guid":{"rendered":"https:\/\/courscircuits.fr\/?page_id=568"},"modified":"2025-05-11T09:22:38","modified_gmt":"2025-05-11T07:22:38","slug":"trocircuits","status":"publish","type":"page","link":"https:\/\/courscircuits.fr\/index.php\/trocircuits\/","title":{"rendered":"troKCircuits"},"content":{"rendered":"<div id=\"pl-568\"  class=\"panel-layout\" ><div id=\"pg-568-0\"  class=\"panel-grid panel-no-style\" ><div id=\"pgc-568-0-0\"  class=\"panel-grid-cell\" ><div id=\"panel-568-0-0-0\" class=\"so-panel widget widget_sow-editor panel-first-child panel-last-child\" data-index=\"0\" ><div\n\t\t\t\n\t\t\tclass=\"so-widget-sow-editor so-widget-sow-editor-base\"\n\t\t\t\n\t\t><h3 class=\"widget-title\">Mais qu'est ce que c'est ???<\/h3>\n<div class=\"siteorigin-widget-tinymce textwidget\">\n\t<p style=\"text-align: center;\">Un fichier \"excel\" en ligne a \u00e9t\u00e9 cr\u00e9\u00e9 afin que tout le monde puisse y indiquer ses coordonn\u00e9es, ainsi que ce qu'il donne ou ce qu'il recherche.<\/p>\n<p>&nbsp;<\/p>\n<\/div>\n<\/div><\/div><\/div><\/div><div id=\"pg-568-1\"  class=\"panel-grid panel-no-style\" ><div id=\"pgc-568-1-0\"  class=\"panel-grid-cell\" ><div id=\"panel-568-1-0-0\" class=\"so-panel widget widget_sow-editor panel-first-child panel-last-child\" data-index=\"1\" ><div\n\t\t\t\n\t\t\tclass=\"so-widget-sow-editor so-widget-sow-editor-base\"\n\t\t\t\n\t\t>\n<div class=\"siteorigin-widget-tinymce textwidget\">\n\t<p style=\"text-align: center;\">Vous pouvez retrouver ici le fichier de troc :<\/p>\n<\/div>\n<\/div><\/div><\/div><div id=\"pgc-568-1-1\"  class=\"panel-grid-cell\" ><div id=\"panel-568-1-1-0\" class=\"so-panel widget widget_sow-button panel-first-child panel-last-child\" data-index=\"2\" ><div\n\t\t\t\n\t\t\tclass=\"so-widget-sow-button so-widget-sow-button-atom-66466acb9e12-568\"\n\t\t\t\n\t\t><div class=\"ow-button-base ow-button-align-center\"\n>\n\t\t\t<a\n\t\t\t\t\thref=\"https:\/\/lite.framacalc.org\/9nx4-troc-asso-cours-circuits\"\n\t\t\t\t\tclass=\"sowb-button ow-icon-placement-left ow-button-hover\" target=\"_blank\" rel=\"noopener noreferrer\" \t>\n\t\t<span>\n\t\t\t\n\t\t\ttroK circuits\t\t<\/span>\n\t\t\t<\/a>\n\t<\/div>\n<\/div><\/div><\/div><\/div><div id=\"pg-568-2\"  class=\"panel-grid panel-no-style\" ><div id=\"pgc-568-2-0\"  class=\"panel-grid-cell\" ><div id=\"panel-568-2-0-0\" class=\"so-panel widget widget_sow-editor panel-first-child panel-last-child\" data-index=\"3\" ><div\n\t\t\t\n\t\t\tclass=\"so-widget-sow-editor so-widget-sow-editor-base\"\n\t\t\t\n\t\t><h3 class=\"widget-title\">Comment \u00e7a marche ?<\/h3>\n<div class=\"siteorigin-widget-tinymce textwidget\">\n\t<p style=\"text-align: center;\">Ce tableau est compos\u00e9 de plusieurs colonnes :<\/p>\n<p style=\"text-align: left;\"><em><strong>D\u00e9but :<\/strong><\/em> Quand commence votre don, ou votre recherche?<\/p>\n<p style=\"text-align: left;\"><em><strong>Fin :<\/strong><\/em> Quand fini votre don ? Exemple, si vous d\u00e9sirez donner un truc qui vous encombre et que vous voulez bien \u00eatre encombr\u00e9.e un mois, vous inscrivez la date \u00e0 laquelle vous pensez en avoir marre d'\u00eatre encombr\u00e9.e et vous allez enfin pouvoir vous soulager de cet objet \u00e0 la d\u00e9ch\u00e8terie ! Mais il peut aussi ne pas avoir de date de fin !<\/p>\n<p style=\"text-align: left;\"><em><strong>Qui :<\/strong><\/em> Bah c'est vous, votre nom et\/ou pr\u00e9nom !<\/p>\n<p style=\"text-align: left;\"><em><strong>t\u00e9l\u00e9phone :<\/strong><\/em> votre num\u00e9ro<\/p>\n<p style=\"text-align: left;\"><em><strong>Je donne :<\/strong> <\/em>inscrivez ce que vous donnez. C'est uniquement du don...<\/p>\n<p style=\"text-align: left;\"><em><strong>Je recherche :<\/strong><\/em> inscrivez ce que vous recherchez... Des choses r\u00e9alisables ! \u00c9viter d'\u00e9crire : \"la paix dans le monde\". C'est beau, on est d'accord ! Cours-circuits tente d'y contribuer mais on est encore loin du r\u00e9sultat et c'est pas le but ici! \ud83d\ude42<\/p>\n<p style=\"text-align: center;\">Il vous sera demand\u00e9 de mettre \u00e0 jour r\u00e9guli\u00e8rement vos dons ou vos recherches. Si vous avez donn\u00e9 un objet, pensez \u00e0 le supprimer de la feuille!<\/p>\n<p style=\"text-align: center;\">Merci \u00e0 vous de contribuer \u00e0 la r\u00e9utilisation et \u00e0 la diminution des d\u00e9chets.<\/p>\n<\/div>\n<\/div><\/div><\/div><\/div><\/div>","protected":false},"excerpt":{"rendered":"<p>Un fichier \u00ab\u00a0excel\u00a0\u00bb en ligne a \u00e9t\u00e9 cr\u00e9\u00e9 afin que tout le monde puisse y indiquer ses coordonn\u00e9es, ainsi que ce qu&rsquo;il donne ou ce qu&rsquo;il recherche. &nbsp; Vous pouvez retrouver ici le fichier de troc :<\/p>\n","protected":false},"author":1,"featured_media":0,"parent":0,"menu_order":0,"comment_status":"closed","ping_status":"closed","template":"","meta":{"footnotes":""},"class_list":["post-568","page","type-page","status-publish","hentry"],"jetpack_sharing_enabled":true,"_links":{"self":[{"href":"https:\/\/courscircuits.fr\/index.php\/wp-json\/wp\/v2\/pages\/568","targetHints":{"allow":["GET"]}}],"collection":[{"href":"https:\/\/courscircuits.fr\/index.php\/wp-json\/wp\/v2\/pages"}],"about":[{"href":"https:\/\/courscircuits.fr\/index.php\/wp-json\/wp\/v2\/types\/page"}],"author":[{"embeddable":true,"href":"https:\/\/courscircuits.fr\/index.php\/wp-json\/wp\/v2\/users\/1"}],"replies":[{"embeddable":true,"href":"https:\/\/courscircuits.fr\/index.php\/wp-json\/wp\/v2\/comments?post=568"}],"version-history":[{"count":11,"href":"https:\/\/courscircuits.fr\/index.php\/wp-json\/wp\/v2\/pages\/568\/revisions"}],"predecessor-version":[{"id":4334,"href":"https:\/\/courscircuits.fr\/index.php\/wp-json\/wp\/v2\/pages\/568\/revisions\/4334"}],"wp:attachment":[{"href":"https:\/\/courscircuits.fr\/index.php\/wp-json\/wp\/v2\/media?parent=568"}],"curies":[{"name":"wp","href":"https:\/\/api.w.org\/{rel}","templated":true}]}}