{"id":378,"date":"2022-01-13T11:50:44","date_gmt":"2022-01-13T10:50:44","guid":{"rendered":"https:\/\/courscircuits.fr\/?page_id=378"},"modified":"2025-05-11T09:25:51","modified_gmt":"2025-05-11T07:25:51","slug":"nos-producteurs-collaborateurs","status":"publish","type":"page","link":"https:\/\/courscircuits.fr\/index.php\/nos-producteurs-collaborateurs\/","title":{"rendered":"Nos Producteurs"},"content":{"rendered":"<div id=\"pl-378\"  class=\"panel-layout\" ><div id=\"pg-378-0\"  class=\"panel-grid panel-no-style\" ><div id=\"pgc-378-0-0\"  class=\"panel-grid-cell\" ><div id=\"panel-378-0-0-0\" class=\"so-panel widget widget_sow-editor panel-first-child panel-last-child\" data-index=\"0\" ><div\n\t\t\t\n\t\t\tclass=\"so-widget-sow-editor so-widget-sow-editor-base\"\n\t\t\t\n\t\t><h3 class=\"widget-title\">Comment nous les choisissons ?<\/h3>\n<div class=\"siteorigin-widget-tinymce textwidget\">\n\t<div class=\"siteorigin-widget-tinymce textwidget\">\n<div class=\"siteorigin-widget-tinymce textwidget\">\n<p style=\"text-align: center;\">C'est simple : Comme nous l'avons d\u00e9fini dans notre charte!<\/p>\n<\/div>\n<\/div>\n<\/div>\n<\/div><\/div><\/div><\/div><div id=\"pg-378-1\"  class=\"panel-grid panel-no-style\" ><div id=\"pgc-378-1-0\"  class=\"panel-grid-cell\" ><div id=\"panel-378-1-0-0\" class=\"so-panel widget widget_sow-editor panel-first-child panel-last-child\" data-index=\"1\" ><div\n\t\t\t\n\t\t\tclass=\"so-widget-sow-editor so-widget-sow-editor-base\"\n\t\t\t\n\t\t><h3 class=\"widget-title\">Vous souhaitez proposer un nouveau produit ?<\/h3>\n<div class=\"siteorigin-widget-tinymce textwidget\">\n\t<div class=\"siteorigin-widget-tinymce textwidget\">\n<div class=\"siteorigin-widget-tinymce textwidget\">\n<p style=\"text-align: center;\">N'h\u00e9sitez pas \u00e0 nous contacter afin de nous proposer un produit, ou un.e producteur\/trice, et devenir r\u00e9f\u00e9rent.e produit. Si il\/elle correspond aux valeurs inscrites dans notre charte, il\/elle pourra \u00eatre valid\u00e9.e par le bureau.<\/p>\n<p style=\"text-align: center;\">Un.e r\u00e9f\u00e9rent.e produit g\u00e8re les relations entre le\/la producteur\/trice et l'association (par exemple les demandes de renseignements sur les stocks, les mises \u00e0 jour des prix, les trajets pour aller chercher les produits command\u00e9s (d\u00e9fray\u00e9 ). Bien s\u00fbr, nous vous aiderons \ud83d\ude09<\/p>\n<\/div>\n<\/div>\n<\/div>\n<\/div><\/div><\/div><\/div><div id=\"pg-378-2\"  class=\"panel-grid panel-no-style\" ><div id=\"pgc-378-2-0\"  class=\"panel-grid-cell\" ><div id=\"panel-378-2-0-0\" class=\"so-panel widget widget_sow-editor panel-first-child panel-last-child\" data-index=\"2\" ><div\n\t\t\t\n\t\t\tclass=\"so-widget-sow-editor so-widget-sow-editor-base\"\n\t\t\t\n\t\t>\n<div class=\"siteorigin-widget-tinymce textwidget\">\n\t<h2 style=\"text-align: center;\">Qui sont ils? ou sont ils ? que font ils? c'est parti...<\/h2>\n<\/div>\n<\/div><\/div><\/div><\/div><div id=\"pg-378-3\"  class=\"panel-grid panel-no-style\" ><div id=\"pgc-378-3-0\"  class=\"panel-grid-cell\" ><div id=\"panel-378-3-0-0\" class=\"so-panel widget widget_sow-editor panel-first-child panel-last-child\" data-index=\"3\" ><div\n\t\t\t\n\t\t\tclass=\"so-widget-sow-editor so-widget-sow-editor-base\"\n\t\t\t\n\t\t>\n<div class=\"siteorigin-widget-tinymce textwidget\">\n\t<h3 style=\"text-align: center;\">Oc\u00e9ane Alimentaire<\/h3>\n<\/div>\n<\/div><\/div><\/div><\/div><div id=\"pg-378-4\"  class=\"panel-grid panel-no-style\" ><div id=\"pgc-378-4-0\"  class=\"panel-grid-cell\" ><div id=\"panel-378-4-0-0\" class=\"widget_text so-panel widget widget_custom_html panel-first-child panel-last-child\" data-index=\"4\" ><h3 class=\"widget-title\">localisation<\/h3><div class=\"textwidget custom-html-widget\"><iframe src=\"https:\/\/www.google.com\/maps\/embed?pb=!1m18!1m12!1m3!1d2679.131282064169!2d-4.378445484567647!3d47.817673381366525!2m3!1f0!2f0!3f0!3m2!1i1024!2i768!4f13.1!3m3!1m2!1s0x48173b186a263263%3A0xcba70ddf0a7f46b4!2sOc%C3%A9ane%20Alimentaire!5e0!3m2!1sfr!2sfr!4v1642079086500!5m2!1sfr!2sfr\" width=\"600\" height=\"450\" style=\"border:0;\" allowfullscreen=\"\" loading=\"lazy\"><\/iframe>\n<\/div><\/div><\/div><div id=\"pgc-378-4-1\"  class=\"panel-grid-cell\" ><div id=\"panel-378-4-1-0\" class=\"so-panel widget widget_sow-editor panel-first-child\" data-index=\"5\" ><div\n\t\t\t\n\t\t\tclass=\"so-widget-sow-editor so-widget-sow-editor-base\"\n\t\t\t\n\t\t><h3 class=\"widget-title\">c'est quoi ?<\/h3>\n<div class=\"siteorigin-widget-tinymce textwidget\">\n\t<div class=\"siteorigin-widget-tinymce textwidget\">\n<p style=\"text-align: center;\"><a href=\"https:\/\/www.oceane.bzh\/\" target=\"_blank\" rel=\"noopener\">Le site Oc\u00e9ane alimentaire<\/a><\/p>\n<p style=\"text-align: center;\">Les commandes de poisson ne sont faites que 2 ou 3 fois par an afin de leur commander un volume suffisant pour \u00eatre franco de port.<\/p>\n<p style=\"text-align: center;\">Du poisson \u00e9thique, fran\u00e7ais, et surtout d\u00e9licieux!<\/p>\n<p style=\"text-align: center;\">Pensez \u00e0 faire vos r\u00e9serves.<\/p>\n<p>&nbsp;<\/p>\n<\/div>\n<\/div>\n<\/div><\/div><div id=\"panel-378-4-1-1\" class=\"so-panel widget widget_sow-button panel-last-child\" data-index=\"6\" ><div\n\t\t\t\n\t\t\tclass=\"so-widget-sow-button so-widget-sow-button-atom-f54c0409268f-378\"\n\t\t\t\n\t\t><div class=\"ow-button-base ow-button-align-center\"\n>\n\t\t\t<a\n\t\t\t\t\thref=\"https:\/\/courscircuits.fr\/index.php\/categorie-produit\/oceane-alimentaire\/\"\n\t\t\t\t\tclass=\"sowb-button ow-icon-placement-bottom ow-button-hover\" \t>\n\t\t<span>\n\t\t\t\n\t\t\tproduits oc\u00e9ane\t\t<\/span>\n\t\t\t<\/a>\n\t<\/div>\n<\/div><\/div><\/div><\/div><div id=\"pg-378-5\"  class=\"panel-grid panel-no-style\" ><div id=\"pgc-378-5-0\"  class=\"panel-grid-cell\" ><div id=\"panel-378-5-0-0\" class=\"so-panel widget widget_sow-editor panel-first-child panel-last-child\" data-index=\"7\" ><div\n\t\t\t\n\t\t\tclass=\"so-widget-sow-editor so-widget-sow-editor-base\"\n\t\t\t\n\t\t>\n<div class=\"siteorigin-widget-tinymce textwidget\">\n\t<h3 style=\"text-align: center;\">la ferme brasserie moustous<\/h3>\n<\/div>\n<\/div><\/div><\/div><\/div><div id=\"pg-378-6\"  class=\"panel-grid panel-no-style\" ><div id=\"pgc-378-6-0\"  class=\"panel-grid-cell\" ><div id=\"panel-378-6-0-0\" class=\"widget_text so-panel widget widget_custom_html panel-first-child panel-last-child\" data-index=\"8\" ><h3 class=\"widget-title\">localisation<\/h3><div class=\"textwidget custom-html-widget\"><iframe src=\"https:\/\/www.google.com\/maps\/embed?pb=!1m18!1m12!1m3!1d2852.215980991882!2d-0.02903068467938166!3d44.36715481398803!2m3!1f0!2f0!3f0!3m2!1i1024!2i768!4f13.1!3m3!1m2!1s0xd55805a15f15c8f%3A0xe430ed0709a1831e!2sFerme%20Brasserie%20Moustous!5e0!3m2!1sfr!2sfr!4v1642079123116!5m2!1sfr!2sfr\" width=\"600\" height=\"450\" style=\"border:0;\" allowfullscreen=\"\" loading=\"lazy\"><\/iframe>\n<\/div><\/div><\/div><div id=\"pgc-378-6-1\"  class=\"panel-grid-cell\" ><div id=\"panel-378-6-1-0\" class=\"so-panel widget widget_sow-editor panel-first-child\" data-index=\"9\" ><div\n\t\t\t\n\t\t\tclass=\"so-widget-sow-editor so-widget-sow-editor-base\"\n\t\t\t\n\t\t><h3 class=\"widget-title\">C'est quoi ?<\/h3>\n<div class=\"siteorigin-widget-tinymce textwidget\">\n\t<div class=\"siteorigin-widget-tinymce textwidget\">\n<p style=\"text-align: center;\">De la bi\u00e8re ! Rien de plus locale!<\/p>\n<p style=\"text-align: center;\">Disponible \u00e0 chaque commande.<\/p>\n<\/div>\n<\/div>\n<\/div><\/div><div id=\"panel-378-6-1-1\" class=\"so-panel widget widget_sow-button panel-last-child\" data-index=\"10\" ><div\n\t\t\t\n\t\t\tclass=\"so-widget-sow-button so-widget-sow-button-atom-f54c0409268f-378\"\n\t\t\t\n\t\t><div class=\"ow-button-base ow-button-align-center\"\n>\n\t\t\t<a\n\t\t\t\t\thref=\"https:\/\/courscircuits.fr\/index.php\/categorie-produit\/brasserie-moustous\/\"\n\t\t\t\t\tclass=\"sowb-button ow-icon-placement-bottom ow-button-hover\" \t>\n\t\t<span>\n\t\t\t\n\t\t\tproduits moustous\t\t<\/span>\n\t\t\t<\/a>\n\t<\/div>\n<\/div><\/div><\/div><\/div><div id=\"pg-378-7\"  class=\"panel-grid panel-no-style\" ><div id=\"pgc-378-7-0\"  class=\"panel-grid-cell\" ><div id=\"panel-378-7-0-0\" class=\"so-panel widget widget_sow-editor panel-first-child panel-last-child\" data-index=\"11\" ><div\n\t\t\t\n\t\t\tclass=\"so-widget-sow-editor so-widget-sow-editor-base\"\n\t\t\t\n\t\t>\n<div class=\"siteorigin-widget-tinymce textwidget\">\n\t<h3 style=\"text-align: center;\">Riz bio el caravan<\/h3>\n<\/div>\n<\/div><\/div><\/div><\/div><div id=\"pg-378-8\"  class=\"panel-grid panel-no-style\" ><div id=\"pgc-378-8-0\"  class=\"panel-grid-cell\" ><div id=\"panel-378-8-0-0\" class=\"widget_text so-panel widget widget_custom_html panel-first-child panel-last-child\" data-index=\"12\" ><h3 class=\"widget-title\">localisation<\/h3><div class=\"textwidget custom-html-widget\"><iframe src=\"https:\/\/www.google.com\/maps\/embed?pb=!1m18!1m12!1m3!1d17723.329316719784!2d-1.59061697665427!3d42.16685074511029!2m3!1f0!2f0!3f0!3m2!1i1024!2i768!4f13.1!3m3!1m2!1s0xd5a43d6675e62d1%3A0x101a9fcee35956a8!2sEl%20Alcaravan!5e0!3m2!1sfr!2sfr!4v1728899300048!5m2!1sfr!2sfr\" width=\"600\" height=\"450\" style=\"border:0;\" allowfullscreen=\"\" loading=\"lazy\" referrerpolicy=\"no-referrer-when-downgrade\"><\/iframe><\/div><\/div><\/div><div id=\"pgc-378-8-1\"  class=\"panel-grid-cell\" ><div id=\"panel-378-8-1-0\" class=\"so-panel widget widget_sow-editor panel-first-child\" data-index=\"13\" ><div\n\t\t\t\n\t\t\tclass=\"so-widget-sow-editor so-widget-sow-editor-base\"\n\t\t\t\n\t\t><h3 class=\"widget-title\">c'est quoi ?<\/h3>\n<div class=\"siteorigin-widget-tinymce textwidget\">\n\t<div class=\"siteorigin-widget-tinymce textwidget\">\n<p style=\"text-align: center;\"><a href=\"https:\/\/elalcaravan.es\/\" target=\"_blank\" rel=\"noopener\">le site riz el caravan<\/a><\/p>\n<p style=\"text-align: center;\">Les commandes de riz ne sont faite que 2 ou 3 fois par an afin de leur commander un volume suffisant pour \u00eatre franco de port.<\/p>\n<p style=\"text-align: center;\">Du riz bio a 400km de chez nous! D\u00e9sol\u00e9 la Camargue, l\u2019Espagne est un poil plus proche!<\/p>\n<p style=\"text-align: center;\">Pensez \u00e0 faire vos r\u00e9serves.<\/p>\n<p>&nbsp;<\/p>\n<\/div>\n<\/div>\n<\/div><\/div><div id=\"panel-378-8-1-1\" class=\"so-panel widget widget_sow-button panel-last-child\" data-index=\"14\" ><div\n\t\t\t\n\t\t\tclass=\"so-widget-sow-button so-widget-sow-button-atom-f54c0409268f-378\"\n\t\t\t\n\t\t><div class=\"ow-button-base ow-button-align-center\"\n>\n\t\t\t<a\n\t\t\t\t\thref=\"https:\/\/courscircuits.fr\/index.php\/categorie-produit\/el-alcaravan\/\"\n\t\t\t\t\tclass=\"sowb-button ow-icon-placement-bottom ow-button-hover\" \t>\n\t\t<span>\n\t\t\t\n\t\t\tRiz\t\t<\/span>\n\t\t\t<\/a>\n\t<\/div>\n<\/div><\/div><\/div><\/div><\/div>","protected":false},"excerpt":{"rendered":"<p>C&rsquo;est simple : Comme nous l&rsquo;avons d\u00e9fini dans notre charte! N&rsquo;h\u00e9sitez pas \u00e0 nous contacter afin de nous proposer un produit, ou un.e producteur\/trice, et devenir r\u00e9f\u00e9rent.e produit. Si il\/elle correspond aux valeurs inscrites dans notre charte, il\/elle pourra \u00eatre valid\u00e9.e par le bureau. Un.e r\u00e9f\u00e9rent.e produit g\u00e8re les relations entre le\/la producteur\/trice et l&rsquo;association [&hellip;]<\/p>\n","protected":false},"author":1,"featured_media":0,"parent":0,"menu_order":0,"comment_status":"closed","ping_status":"closed","template":"","meta":{"footnotes":""},"class_list":["post-378","page","type-page","status-publish","hentry"],"jetpack_sharing_enabled":true,"_links":{"self":[{"href":"https:\/\/courscircuits.fr\/index.php\/wp-json\/wp\/v2\/pages\/378","targetHints":{"allow":["GET"]}}],"collection":[{"href":"https:\/\/courscircuits.fr\/index.php\/wp-json\/wp\/v2\/pages"}],"about":[{"href":"https:\/\/courscircuits.fr\/index.php\/wp-json\/wp\/v2\/types\/page"}],"author":[{"embeddable":true,"href":"https:\/\/courscircuits.fr\/index.php\/wp-json\/wp\/v2\/users\/1"}],"replies":[{"embeddable":true,"href":"https:\/\/courscircuits.fr\/index.php\/wp-json\/wp\/v2\/comments?post=378"}],"version-history":[{"count":63,"href":"https:\/\/courscircuits.fr\/index.php\/wp-json\/wp\/v2\/pages\/378\/revisions"}],"predecessor-version":[{"id":4336,"href":"https:\/\/courscircuits.fr\/index.php\/wp-json\/wp\/v2\/pages\/378\/revisions\/4336"}],"wp:attachment":[{"href":"https:\/\/courscircuits.fr\/index.php\/wp-json\/wp\/v2\/media?parent=378"}],"curies":[{"name":"wp","href":"https:\/\/api.w.org\/{rel}","templated":true}]}}