{"id":1345,"date":"2022-04-17T15:03:29","date_gmt":"2022-04-17T13:03:29","guid":{"rendered":"https:\/\/courscircuits.fr\/?page_id=1345"},"modified":"2022-04-22T17:11:32","modified_gmt":"2022-04-22T15:11:32","slug":"evenements","status":"publish","type":"page","link":"https:\/\/courscircuits.fr\/index.php\/evenements\/","title":{"rendered":"\u00e9v\u00e9nements"},"content":{"rendered":"\n<p class=\"has-text-align-center\">Notre \u00e9v\u00e9nement troc de plant du samedi 14 mai 2022<\/p>\n\n\n\n<div data-wp-interactive=\"core\/file\" class=\"wp-block-file aligncenter\"><object data-wp-bind--hidden=\"!state.hasPdfPreview\" hidden class=\"wp-block-file__embed\" data=\"https:\/\/courscircuits.fr\/wp-content\/uploads\/2022\/04\/affiche-troc-de-plant-2022.pdf\" type=\"application\/pdf\" style=\"width:100%;height:600px\" aria-label=\"Contenu embarqu\u00e9 Contenu embarqu\u00e9 affiche troc de plant 2022..\"><\/object><a id=\"wp-block-file--media-bb40b383-25a7-4ced-8320-02f904c52457\" href=\"https:\/\/courscircuits.fr\/wp-content\/uploads\/2022\/04\/affiche-troc-de-plant-2022.pdf\">affiche troc de plant 2022<\/a><a href=\"https:\/\/courscircuits.fr\/wp-content\/uploads\/2022\/04\/affiche-troc-de-plant-2022.pdf\" class=\"wp-block-file__button\" download aria-describedby=\"wp-block-file--media-bb40b383-25a7-4ced-8320-02f904c52457\">T\u00e9l\u00e9charger<\/a><\/div>\n\n\n\n<p class=\"has-text-align-center\">et notre Assembl\u00e9 G\u00e9n\u00e9rale du mercredi 1 juin 2022 <\/p>\n\n\n\n<div data-wp-interactive=\"core\/file\" class=\"wp-block-file\"><object data-wp-bind--hidden=\"!state.hasPdfPreview\" hidden class=\"wp-block-file__embed\" data=\"https:\/\/courscircuits.fr\/wp-content\/uploads\/2022\/04\/Affiche-AG-2022.pdf\" type=\"application\/pdf\" style=\"width:100%;height:600px\" aria-label=\"Contenu embarqu\u00e9 Contenu embarqu\u00e9 Affiche AG 2022..\"><\/object><a id=\"wp-block-file--media-985be363-af80-4712-9a61-90764246f047\" href=\"https:\/\/courscircuits.fr\/wp-content\/uploads\/2022\/04\/Affiche-AG-2022.pdf\">Affiche AG 2022<\/a><a href=\"https:\/\/courscircuits.fr\/wp-content\/uploads\/2022\/04\/Affiche-AG-2022.pdf\" class=\"wp-block-file__button\" download aria-describedby=\"wp-block-file--media-985be363-af80-4712-9a61-90764246f047\">T\u00e9l\u00e9charger<\/a><\/div>\n\n\n\n<p><\/p>\n","protected":false},"excerpt":{"rendered":"<p>Notre \u00e9v\u00e9nement troc de plant du samedi 14 mai 2022 et notre Assembl\u00e9 G\u00e9n\u00e9rale du mercredi 1 juin 2022<\/p>\n","protected":false},"author":1,"featured_media":0,"parent":0,"menu_order":0,"comment_status":"closed","ping_status":"closed","template":"","meta":{"footnotes":""},"class_list":["post-1345","page","type-page","status-publish","hentry"],"jetpack_sharing_enabled":true,"_links":{"self":[{"href":"https:\/\/courscircuits.fr\/index.php\/wp-json\/wp\/v2\/pages\/1345","targetHints":{"allow":["GET"]}}],"collection":[{"href":"https:\/\/courscircuits.fr\/index.php\/wp-json\/wp\/v2\/pages"}],"about":[{"href":"https:\/\/courscircuits.fr\/index.php\/wp-json\/wp\/v2\/types\/page"}],"author":[{"embeddable":true,"href":"https:\/\/courscircuits.fr\/index.php\/wp-json\/wp\/v2\/users\/1"}],"replies":[{"embeddable":true,"href":"https:\/\/courscircuits.fr\/index.php\/wp-json\/wp\/v2\/comments?post=1345"}],"version-history":[{"count":11,"href":"https:\/\/courscircuits.fr\/index.php\/wp-json\/wp\/v2\/pages\/1345\/revisions"}],"predecessor-version":[{"id":1368,"href":"https:\/\/courscircuits.fr\/index.php\/wp-json\/wp\/v2\/pages\/1345\/revisions\/1368"}],"wp:attachment":[{"href":"https:\/\/courscircuits.fr\/index.php\/wp-json\/wp\/v2\/media?parent=1345"}],"curies":[{"name":"wp","href":"https:\/\/api.w.org\/{rel}","templated":true}]}}