{"id":113,"date":"2022-01-10T10:16:29","date_gmt":"2022-01-10T09:16:29","guid":{"rendered":"https:\/\/courscircuits.fr\/?page_id=113"},"modified":"2025-05-11T09:28:48","modified_gmt":"2025-05-11T07:28:48","slug":"qui-sommes-nous","status":"publish","type":"page","link":"https:\/\/courscircuits.fr\/index.php\/qui-sommes-nous\/","title":{"rendered":"Qui sommes nous ?"},"content":{"rendered":"\n<p>Nous sommes une association loi 1901 a but non lucratif.<\/p>\n\n\n\n<p>8 membres dans le bureau + 4 membres actif r\u00e9f\u00e9rents produits ou autres.<\/p>\n\n\n\n<p>Pour 48 foyers adh\u00e9rents \u00e0 notre association.<\/p>\n\n\n\n<div class=\"wp-block-group\"><div class=\"wp-block-group__inner-container is-layout-flow wp-block-group-is-layout-flow\">\n<p class=\"has-text-align-center\">bas\u00e9e en sud gironde, a cours-les-bains :<\/p>\n\n\n\n<div class=\"wp-block-buttons is-horizontal is-content-justification-center is-layout-flex wp-container-core-buttons-is-layout-03627597 wp-block-buttons-is-layout-flex\">\n<div class=\"wp-block-button\"><a class=\"wp-block-button__link wp-element-button\" href=\"https:\/\/fr.wikipedia.org\/wiki\/Cours-les-Bains\" target=\"_blank\" rel=\"noreferrer noopener\"> cours-les-bains ? Kesako ?<\/a><\/div>\n<\/div>\n<\/div><\/div>\n\n\n\n<div class=\"wp-block-columns is-layout-flex wp-container-core-columns-is-layout-28f84493 wp-block-columns-is-layout-flex\">\n<div class=\"wp-block-column is-layout-flow wp-block-column-is-layout-flow\" style=\"flex-basis:100%\">\n<div class=\"wp-block-group\"><div class=\"wp-block-group__inner-container is-layout-flow wp-block-group-is-layout-flow\">\n<p class=\"has-text-align-center\">vous pouvez lire notre charte en cliquant ici :<\/p>\n\n\n\n<div class=\"wp-block-buttons is-horizontal is-content-justification-center is-layout-flex wp-container-core-buttons-is-layout-03627597 wp-block-buttons-is-layout-flex\">\n<div class=\"wp-block-button\"><a class=\"wp-block-button__link wp-element-button\" href=\"https:\/\/courscircuits.fr\/index.php\/notre-charte\/\"> Notre charte<\/a><\/div>\n<\/div>\n<\/div><\/div>\n<\/div>\n<\/div>\n\n\n\n<p class=\"has-text-align-center\">Vous pouvez aussi nous retrouver sur facebook ici : <\/p>\n\n\n\n<p class=\"has-text-align-center\"><a href=\"https:\/\/www.facebook.com\/CoursCircuits\" target=\"_blank\" rel=\"noreferrer noopener\">https:\/\/www.facebook.com\/CoursCircuits<\/a><\/p>\n\n\n\n<p class=\"has-text-align-center\">Ou bien s\u00fbr, nous envoyer un mail sur :<\/p>\n\n\n\n<p class=\"has-text-align-center\"><a href=\"mailto:asso.courscircuits@gmail.com\" target=\"_blank\" rel=\"noreferrer noopener\">asso.courscircuits@gmail.com<\/a><\/p>\n","protected":false},"excerpt":{"rendered":"<p>Nous sommes une association loi 1901 a but non lucratif. 8 membres dans le bureau + 4 membres actif r\u00e9f\u00e9rents produits ou autres. Pour 48 foyers adh\u00e9rents \u00e0 notre association. bas\u00e9e en sud gironde, a cours-les-bains : vous pouvez lire notre charte en cliquant ici : Vous pouvez aussi nous retrouver sur facebook ici : [&hellip;]<\/p>\n","protected":false},"author":1,"featured_media":0,"parent":0,"menu_order":0,"comment_status":"closed","ping_status":"closed","template":"","meta":{"footnotes":""},"class_list":["post-113","page","type-page","status-publish","hentry"],"jetpack_sharing_enabled":true,"_links":{"self":[{"href":"https:\/\/courscircuits.fr\/index.php\/wp-json\/wp\/v2\/pages\/113","targetHints":{"allow":["GET"]}}],"collection":[{"href":"https:\/\/courscircuits.fr\/index.php\/wp-json\/wp\/v2\/pages"}],"about":[{"href":"https:\/\/courscircuits.fr\/index.php\/wp-json\/wp\/v2\/types\/page"}],"author":[{"embeddable":true,"href":"https:\/\/courscircuits.fr\/index.php\/wp-json\/wp\/v2\/users\/1"}],"replies":[{"embeddable":true,"href":"https:\/\/courscircuits.fr\/index.php\/wp-json\/wp\/v2\/comments?post=113"}],"version-history":[{"count":8,"href":"https:\/\/courscircuits.fr\/index.php\/wp-json\/wp\/v2\/pages\/113\/revisions"}],"predecessor-version":[{"id":4339,"href":"https:\/\/courscircuits.fr\/index.php\/wp-json\/wp\/v2\/pages\/113\/revisions\/4339"}],"wp:attachment":[{"href":"https:\/\/courscircuits.fr\/index.php\/wp-json\/wp\/v2\/media?parent=113"}],"curies":[{"name":"wp","href":"https:\/\/api.w.org\/{rel}","templated":true}]}}